{"id":33776,"date":"2025-06-19T20:35:21","date_gmt":"2025-06-19T17:35:21","guid":{"rendered":"https:\/\/alleegalerii.ee\/?post_type=product&#038;p=33776"},"modified":"2025-06-19T20:35:21","modified_gmt":"2025-06-19T17:35:21","slug":"hugo-lepik-suvine-rannaidull","status":"publish","type":"product","link":"https:\/\/alleegalerii.ee\/en\/shop\/hugo-lepik-suvine-rannaidull\/","title":{"rendered":"Hugo Lepik &#8220;Suvine rannaid\u00fcll&#8221;"},"content":{"rendered":"","protected":false},"excerpt":{"rendered":"<p>\u00d5li l\u00f5uendil.<\/p>\n<p>M\u00f5\u00f5dud: 51 x 66 cm.<\/p>\n<p>All vasakul: H. LEPIK<\/p>\n<p>Teose raam vajab kohendamist v\u00f5i \u00fcmberraamimist. Soovi korral saame aidata raami valikul ja vormistamisel.<\/p>\n<p>Hugo Lepik (1905-2001) \u00f5petas Riigi Kunstt\u00f6\u00f6stuskooli \u00f5ppej\u00f5una v\u00e4lja terve rea kunstnikke. L\u00f5plikult kujunes maal tema p\u00f5hialaks aga Rootsis, kuhu kunstnik 1944. aastal siirdus. Kunstiteadlane Kaalu Kirme on pidanud Lepikut \u00fcheks k\u00f5ige lootustandvamaks G\u00fcnther Reindorffi \u00f5pilaseks.<\/p>\n","protected":false},"featured_media":33777,"template":"","meta":{"_acf_changed":false},"product_brand":[],"product_cat":[415,56,59],"product_tag":[60],"class_list":{"0":"post-33776","1":"product","2":"type-product","3":"status-publish","4":"has-post-thumbnail","6":"product_cat-maal","7":"product_cat-olimaal","8":"product_cat-e-pood","9":"product_tag-e-pood","11":"first","12":"instock","13":"shipping-taxable","14":"purchasable","15":"product-type-simple"},"acf":[],"_links":{"self":[{"href":"https:\/\/alleegalerii.ee\/en\/wp-json\/wp\/v2\/product\/33776","targetHints":{"allow":["GET"]}}],"collection":[{"href":"https:\/\/alleegalerii.ee\/en\/wp-json\/wp\/v2\/product"}],"about":[{"href":"https:\/\/alleegalerii.ee\/en\/wp-json\/wp\/v2\/types\/product"}],"wp:featuredmedia":[{"embeddable":true,"href":"https:\/\/alleegalerii.ee\/en\/wp-json\/wp\/v2\/media\/33777"}],"wp:attachment":[{"href":"https:\/\/alleegalerii.ee\/en\/wp-json\/wp\/v2\/media?parent=33776"}],"wp:term":[{"taxonomy":"product_brand","embeddable":true,"href":"https:\/\/alleegalerii.ee\/en\/wp-json\/wp\/v2\/product_brand?post=33776"},{"taxonomy":"product_cat","embeddable":true,"href":"https:\/\/alleegalerii.ee\/en\/wp-json\/wp\/v2\/product_cat?post=33776"},{"taxonomy":"product_tag","embeddable":true,"href":"https:\/\/alleegalerii.ee\/en\/wp-json\/wp\/v2\/product_tag?post=33776"}],"curies":[{"name":"wp","href":"https:\/\/api.w.org\/{rel}","templated":true}]}}