{"id":33762,"date":"2025-06-18T16:29:50","date_gmt":"2025-06-18T13:29:50","guid":{"rendered":"https:\/\/alleegalerii.ee\/?post_type=product&#038;p=33762"},"modified":"2025-06-19T13:23:43","modified_gmt":"2025-06-19T10:23:43","slug":"kalev-mark-kostabi-le-systeme-des-objets-1989","status":"publish","type":"product","link":"https:\/\/alleegalerii.ee\/en\/shop\/kalev-mark-kostabi-le-systeme-des-objets-1989\/","title":{"rendered":"Kalev Mark Kostabi &#8220;Le syst\u00e9me des objets&#8221;, 1989"},"content":{"rendered":"","protected":false},"excerpt":{"rendered":"<p>\u00d5li l\u00f5uendil. Raamitud.<\/p>\n<p>M\u00f5\u00f5dud: 152 x 183 cm.<\/p>\n<p>All paremal: KOSTABI 1989<br \/>\nP\u00f6\u00f6rdel: KOSTABI LE SYST\u00c9ME DES OBJETS 1989 60X72&#8243; 12-16-99-BASTILLE<\/p>\n<p>Ameerika \u00fchendriikides, kuid eesti kodus s\u00fcndinud Kostabi tunneb l\u00e4bil\u00f5hki sealset elulaadi ja kultuuri, ent kunstniku\u00a0<em>homunculus<\/em>te maailm peegeldab\u00a0 kaasaegset reaalsust laiemaltki. Sealses \u00fclikoolis joonistamist ja maalimist \u00f5ppinud kunstnikust kujunes 1980. aastail \u00fcks kohaliku kunsti juhtfiguure kuulsas East Village\u00b4is. Peagi m\u00e4rkasid tema publikut k\u00f5netavat kunsti ka erinevad plaadifirmad. Nii n\u00e4iteks on ta lisaks teistele kuulsatele artistidele kujundanud Guns N\u00b4Roses\u00b4e plaadi\u00fcmbrise, kes tema teose pealkirja \u201cUse your illusion\u201d ka kogu plaadi pealkirjaks panid.<\/p>\n","protected":false},"featured_media":33767,"template":"","meta":{"_acf_changed":false},"product_brand":[],"product_cat":[415,56,59],"product_tag":[60],"class_list":{"0":"post-33762","1":"product","2":"type-product","3":"status-publish","4":"has-post-thumbnail","6":"product_cat-maal","7":"product_cat-olimaal","8":"product_cat-e-pood","9":"product_tag-e-pood","11":"first","12":"instock","13":"shipping-taxable","14":"purchasable","15":"product-type-simple"},"acf":[],"_links":{"self":[{"href":"https:\/\/alleegalerii.ee\/en\/wp-json\/wp\/v2\/product\/33762","targetHints":{"allow":["GET"]}}],"collection":[{"href":"https:\/\/alleegalerii.ee\/en\/wp-json\/wp\/v2\/product"}],"about":[{"href":"https:\/\/alleegalerii.ee\/en\/wp-json\/wp\/v2\/types\/product"}],"wp:featuredmedia":[{"embeddable":true,"href":"https:\/\/alleegalerii.ee\/en\/wp-json\/wp\/v2\/media\/33767"}],"wp:attachment":[{"href":"https:\/\/alleegalerii.ee\/en\/wp-json\/wp\/v2\/media?parent=33762"}],"wp:term":[{"taxonomy":"product_brand","embeddable":true,"href":"https:\/\/alleegalerii.ee\/en\/wp-json\/wp\/v2\/product_brand?post=33762"},{"taxonomy":"product_cat","embeddable":true,"href":"https:\/\/alleegalerii.ee\/en\/wp-json\/wp\/v2\/product_cat?post=33762"},{"taxonomy":"product_tag","embeddable":true,"href":"https:\/\/alleegalerii.ee\/en\/wp-json\/wp\/v2\/product_tag?post=33762"}],"curies":[{"name":"wp","href":"https:\/\/api.w.org\/{rel}","templated":true}]}}