{"id":33730,"date":"2025-06-14T15:58:04","date_gmt":"2025-06-14T12:58:04","guid":{"rendered":"https:\/\/alleegalerii.ee\/?post_type=product&#038;p=33730"},"modified":"2025-11-15T15:29:23","modified_gmt":"2025-11-15T13:29:23","slug":"jaan-vahtra-kodu-looduse-rupes-1941-44","status":"publish","type":"product","link":"https:\/\/alleegalerii.ee\/en\/shop\/jaan-vahtra-kodu-looduse-rupes-1941-44\/","title":{"rendered":"Jaan Vahtra &#8220;Kodu looduse r\u00fcpes&#8221;, 1941-44"},"content":{"rendered":"","protected":false},"excerpt":{"rendered":"<p>Akvarell paberil. Raamitud.<\/p>\n<p>M\u00f5\u00f5dud: 31 x 43 cm, raamiga 43 x 54,5 cm.<\/p>\n<p>Teos on iseloomulik Jaan Vahtra s\u00f5jaaegsele loomingule. See on\u00a0 fikseeritud kataloogis &#8220;Jaan Vahtra ja kubism eesti kunstis&#8221; (Tartu Kunstimuuseumi 1972, nr. 251). Vahtra oli kubistlik-konstruktivistliku Eesti Kunstnikkude Ryhma asutaja ning esminene esimees. 1920. aastate teisel poolel l\u00e4ks ta \u00fcle uusasjalikule stiilile, 1930. aastate t\u00f6id\u00a0 iseloomustab omap\u00e4rane loodusl\u00e4hedane laad, mis j\u00e4tkub impressionistlikus vaimus s\u00f5ja-aastatel.<\/p>\n<p>&nbsp;<\/p>\n","protected":false},"featured_media":33741,"template":"","meta":{"_acf_changed":false},"product_brand":[],"product_cat":[415,54,59],"product_tag":[60],"class_list":{"0":"post-33730","1":"product","2":"type-product","3":"status-publish","4":"has-post-thumbnail","6":"product_cat-maal","7":"product_cat-akvarell","8":"product_cat-e-pood","9":"product_tag-e-pood","11":"first","12":"instock","13":"sold-individually","14":"shipping-taxable","15":"purchasable","16":"product-type-simple"},"acf":[],"_links":{"self":[{"href":"https:\/\/alleegalerii.ee\/en\/wp-json\/wp\/v2\/product\/33730","targetHints":{"allow":["GET"]}}],"collection":[{"href":"https:\/\/alleegalerii.ee\/en\/wp-json\/wp\/v2\/product"}],"about":[{"href":"https:\/\/alleegalerii.ee\/en\/wp-json\/wp\/v2\/types\/product"}],"wp:featuredmedia":[{"embeddable":true,"href":"https:\/\/alleegalerii.ee\/en\/wp-json\/wp\/v2\/media\/33741"}],"wp:attachment":[{"href":"https:\/\/alleegalerii.ee\/en\/wp-json\/wp\/v2\/media?parent=33730"}],"wp:term":[{"taxonomy":"product_brand","embeddable":true,"href":"https:\/\/alleegalerii.ee\/en\/wp-json\/wp\/v2\/product_brand?post=33730"},{"taxonomy":"product_cat","embeddable":true,"href":"https:\/\/alleegalerii.ee\/en\/wp-json\/wp\/v2\/product_cat?post=33730"},{"taxonomy":"product_tag","embeddable":true,"href":"https:\/\/alleegalerii.ee\/en\/wp-json\/wp\/v2\/product_tag?post=33730"}],"curies":[{"name":"wp","href":"https:\/\/api.w.org\/{rel}","templated":true}]}}