{"id":33729,"date":"2025-06-14T15:59:28","date_gmt":"2025-06-14T12:59:28","guid":{"rendered":"https:\/\/alleegalerii.ee\/?post_type=product&#038;p=33729"},"modified":"2025-06-16T09:58:31","modified_gmt":"2025-06-16T06:58:31","slug":"osvald-eslon-kaljune-rand-1951","status":"publish","type":"product","link":"https:\/\/alleegalerii.ee\/en\/shop\/osvald-eslon-kaljune-rand-1951\/","title":{"rendered":"Osvald Eslon &#8220;Kaljune rand&#8221;, 1951"},"content":{"rendered":"","protected":false},"excerpt":{"rendered":"<p>\u00d5li masoniidil. Raamitud.<\/p>\n<p>M\u00f5\u00f5dud: 46 x 61 cm, raamiga 60,5 x 73,5 cm.<\/p>\n<p>All vasakul: O. ESLON 51<br \/>\nP\u00f6\u00f6rdel: O. ESLON Artist from Estonia<\/p>\n<p>Osvald Esloni (1895-1961) kunstiline haridustee sai alguse aastatel 1918-1919 M\u00fcnchenis professor Adolf Hengeli juures. Silmn\u00e4htavalt andeka kunstnikuna p\u00e4lvis ta stipendiumi esimese vabariigi andekaid noori toetavalt sihtasutuselt nimega \u201cKujutava Kunsti Sihtkapitali Valitsus\u201d. Nii reisis ta juba 1926. ja 1927. aastal Itaalia erinevatesse linnadesse. Hiljem k\u00fclastas ta ka Pariisi ja Londonit.<\/p>\n","protected":false},"featured_media":33737,"template":"","meta":{"_acf_changed":false},"product_brand":[],"product_cat":[415,56,59],"product_tag":[60],"class_list":{"0":"post-33729","1":"product","2":"type-product","3":"status-publish","4":"has-post-thumbnail","6":"product_cat-maal","7":"product_cat-olimaal","8":"product_cat-e-pood","9":"product_tag-e-pood","11":"first","12":"instock","13":"sold-individually","14":"shipping-taxable","15":"purchasable","16":"product-type-simple"},"acf":[],"_links":{"self":[{"href":"https:\/\/alleegalerii.ee\/en\/wp-json\/wp\/v2\/product\/33729","targetHints":{"allow":["GET"]}}],"collection":[{"href":"https:\/\/alleegalerii.ee\/en\/wp-json\/wp\/v2\/product"}],"about":[{"href":"https:\/\/alleegalerii.ee\/en\/wp-json\/wp\/v2\/types\/product"}],"wp:featuredmedia":[{"embeddable":true,"href":"https:\/\/alleegalerii.ee\/en\/wp-json\/wp\/v2\/media\/33737"}],"wp:attachment":[{"href":"https:\/\/alleegalerii.ee\/en\/wp-json\/wp\/v2\/media?parent=33729"}],"wp:term":[{"taxonomy":"product_brand","embeddable":true,"href":"https:\/\/alleegalerii.ee\/en\/wp-json\/wp\/v2\/product_brand?post=33729"},{"taxonomy":"product_cat","embeddable":true,"href":"https:\/\/alleegalerii.ee\/en\/wp-json\/wp\/v2\/product_cat?post=33729"},{"taxonomy":"product_tag","embeddable":true,"href":"https:\/\/alleegalerii.ee\/en\/wp-json\/wp\/v2\/product_tag?post=33729"}],"curies":[{"name":"wp","href":"https:\/\/api.w.org\/{rel}","templated":true}]}}