{"id":33716,"date":"2025-06-12T12:35:01","date_gmt":"2025-06-12T09:35:01","guid":{"rendered":"https:\/\/alleegalerii.ee\/?post_type=product&#038;p=33716"},"modified":"2025-06-13T17:37:16","modified_gmt":"2025-06-13T14:37:16","slug":"johann-naha-ema-portree-1949","status":"publish","type":"product","link":"https:\/\/alleegalerii.ee\/en\/shop\/johann-naha-ema-portree-1949\/","title":{"rendered":"Johann Naha &#8220;Ema portree&#8221;, 1949"},"content":{"rendered":"","protected":false},"excerpt":{"rendered":"<p>S\u00fcsi paberil. Raamitud.<\/p>\n<p>M\u00f5\u00f5dud: ava 36 x 27 cm, raamiga 51 x 49 cm.<\/p>\n<p>All paremal: Joh. Naha 49.<\/p>\n<p>Johann Naha (1902-1982) l\u00f5petas Riigi Kunstt\u00f6\u00f6stuskooli 1929. aastal graafika alal.<\/p>\n","protected":false},"featured_media":33721,"template":"","meta":{"_acf_changed":false},"product_brand":[],"product_cat":[62,59],"product_tag":[60],"class_list":{"0":"post-33716","1":"product","2":"type-product","3":"status-publish","4":"has-post-thumbnail","6":"product_cat-joonistus","7":"product_cat-e-pood","8":"product_tag-e-pood","10":"first","11":"instock","12":"sold-individually","13":"shipping-taxable","14":"purchasable","15":"product-type-simple"},"acf":[],"_links":{"self":[{"href":"https:\/\/alleegalerii.ee\/en\/wp-json\/wp\/v2\/product\/33716","targetHints":{"allow":["GET"]}}],"collection":[{"href":"https:\/\/alleegalerii.ee\/en\/wp-json\/wp\/v2\/product"}],"about":[{"href":"https:\/\/alleegalerii.ee\/en\/wp-json\/wp\/v2\/types\/product"}],"wp:featuredmedia":[{"embeddable":true,"href":"https:\/\/alleegalerii.ee\/en\/wp-json\/wp\/v2\/media\/33721"}],"wp:attachment":[{"href":"https:\/\/alleegalerii.ee\/en\/wp-json\/wp\/v2\/media?parent=33716"}],"wp:term":[{"taxonomy":"product_brand","embeddable":true,"href":"https:\/\/alleegalerii.ee\/en\/wp-json\/wp\/v2\/product_brand?post=33716"},{"taxonomy":"product_cat","embeddable":true,"href":"https:\/\/alleegalerii.ee\/en\/wp-json\/wp\/v2\/product_cat?post=33716"},{"taxonomy":"product_tag","embeddable":true,"href":"https:\/\/alleegalerii.ee\/en\/wp-json\/wp\/v2\/product_tag?post=33716"}],"curies":[{"name":"wp","href":"https:\/\/api.w.org\/{rel}","templated":true}]}}