{"id":33715,"date":"2025-06-12T12:34:06","date_gmt":"2025-06-12T09:34:06","guid":{"rendered":"https:\/\/alleegalerii.ee\/?post_type=product&#038;p=33715"},"modified":"2025-06-19T20:17:24","modified_gmt":"2025-06-19T17:17:24","slug":"aleksander-promet-kalevipoeg-kundmas","status":"publish","type":"product","link":"https:\/\/alleegalerii.ee\/en\/shop\/aleksander-promet-kalevipoeg-kundmas\/","title":{"rendered":"Aleksander Promet \u201cKalevipoeg k\u00fcndmas\u201d"},"content":{"rendered":"","protected":false},"excerpt":{"rendered":"<p>M\u00fc\u00fcdud.<\/p>\n<p>Akvarell paberil. Raamitud.<\/p>\n<p>M\u00f5\u00f5dud: <span style=\"font-weight: 400;\">23,5 x 44 cm, raamiga 60 x 78 cm.<\/span><\/p>\n<p><span style=\"font-weight: 400;\">All vasakul: A. Promet<\/span><\/p>\n<p><span style=\"font-weight: 400;\">Virumaal s\u00fcndinud ja Peterburis hariduse saanud Aleksander Prometi loomingus kuulus oluline koht rahvusromantikale, eriliselt armastas ta kujutada Kalevipoega. K\u00e4esolev akvarell kuulub suure t\u00f5en\u00e4osusega 1930-ndatesse. <\/span><\/p>\n","protected":false},"featured_media":33719,"template":"","meta":{"_acf_changed":false},"product_brand":[],"product_cat":[415,54,57,59],"product_tag":[60],"class_list":{"0":"post-33715","1":"product","2":"type-product","3":"status-publish","4":"has-post-thumbnail","6":"product_cat-maal","7":"product_cat-akvarell","8":"product_cat-muudud","9":"product_cat-e-pood","10":"product_tag-e-pood","12":"first","13":"outofstock","14":"sold-individually","15":"shipping-taxable","16":"purchasable","17":"product-type-simple"},"acf":[],"_links":{"self":[{"href":"https:\/\/alleegalerii.ee\/en\/wp-json\/wp\/v2\/product\/33715","targetHints":{"allow":["GET"]}}],"collection":[{"href":"https:\/\/alleegalerii.ee\/en\/wp-json\/wp\/v2\/product"}],"about":[{"href":"https:\/\/alleegalerii.ee\/en\/wp-json\/wp\/v2\/types\/product"}],"wp:featuredmedia":[{"embeddable":true,"href":"https:\/\/alleegalerii.ee\/en\/wp-json\/wp\/v2\/media\/33719"}],"wp:attachment":[{"href":"https:\/\/alleegalerii.ee\/en\/wp-json\/wp\/v2\/media?parent=33715"}],"wp:term":[{"taxonomy":"product_brand","embeddable":true,"href":"https:\/\/alleegalerii.ee\/en\/wp-json\/wp\/v2\/product_brand?post=33715"},{"taxonomy":"product_cat","embeddable":true,"href":"https:\/\/alleegalerii.ee\/en\/wp-json\/wp\/v2\/product_cat?post=33715"},{"taxonomy":"product_tag","embeddable":true,"href":"https:\/\/alleegalerii.ee\/en\/wp-json\/wp\/v2\/product_tag?post=33715"}],"curies":[{"name":"wp","href":"https:\/\/api.w.org\/{rel}","templated":true}]}}