{"id":33714,"date":"2025-06-12T12:34:34","date_gmt":"2025-06-12T09:34:34","guid":{"rendered":"https:\/\/alleegalerii.ee\/?post_type=product&#038;p=33714"},"modified":"2025-12-05T13:41:37","modified_gmt":"2025-12-05T11:41:37","slug":"hilda-mikkelsaar-natuurmort-u-1960","status":"publish","type":"product","link":"https:\/\/alleegalerii.ee\/en\/shop\/hilda-mikkelsaar-natuurmort-u-1960\/","title":{"rendered":"Hilda Mikkelsaar &#8220;Nat\u00fc\u00fcrmort puuviljadega&#8221;, u 1960"},"content":{"rendered":"","protected":false},"excerpt":{"rendered":"<p>\u00d5li masoniidil. Raamitud.<\/p>\n<p>M\u00f5\u00f5dud: 50,3 x 60,5 cm, raamiga 66 x 76 cm.<\/p>\n<p>All paremal: HMikkelsaar<\/p>\n<p>Hilda Mikkelsaar \u00f5ppis aastail 1926-30 Pallases Nikolai Triigi k\u00e4e all ning sai\u00a0 joonistus\u00f5petaja kutse, kellena asus kohe ka Tallinnas t\u00f6\u00f6le. 1944. aasta suure p\u00f5genemise ajal lahkus Eestist ka Mikkelsaar ning elas aastast 1949 Kanadas, kus v\u00f5ttis aktiivselt osa sealsest eesti kunstielust.<\/p>\n<p>Tagasi kodumaale j\u00f5udis tema looming alles uue vabariigi ajal ajal ning selle olulisemaks teepostiks oli 1996. aastal n\u00e4itus Adamson-Ericu Muuseumis, kus tutvustati tema ning ta t\u00fctre, tuntud graafiku Ruth Tulvingu teoseid.<\/p>\n","protected":false},"featured_media":33725,"template":"","meta":{"_acf_changed":false},"product_brand":[],"product_cat":[415,56,59],"product_tag":[60],"class_list":{"0":"post-33714","1":"product","2":"type-product","3":"status-publish","4":"has-post-thumbnail","6":"product_cat-maal","7":"product_cat-olimaal","8":"product_cat-e-pood","9":"product_tag-e-pood","11":"first","12":"instock","13":"sold-individually","14":"shipping-taxable","15":"purchasable","16":"product-type-simple"},"acf":[],"_links":{"self":[{"href":"https:\/\/alleegalerii.ee\/en\/wp-json\/wp\/v2\/product\/33714","targetHints":{"allow":["GET"]}}],"collection":[{"href":"https:\/\/alleegalerii.ee\/en\/wp-json\/wp\/v2\/product"}],"about":[{"href":"https:\/\/alleegalerii.ee\/en\/wp-json\/wp\/v2\/types\/product"}],"wp:featuredmedia":[{"embeddable":true,"href":"https:\/\/alleegalerii.ee\/en\/wp-json\/wp\/v2\/media\/33725"}],"wp:attachment":[{"href":"https:\/\/alleegalerii.ee\/en\/wp-json\/wp\/v2\/media?parent=33714"}],"wp:term":[{"taxonomy":"product_brand","embeddable":true,"href":"https:\/\/alleegalerii.ee\/en\/wp-json\/wp\/v2\/product_brand?post=33714"},{"taxonomy":"product_cat","embeddable":true,"href":"https:\/\/alleegalerii.ee\/en\/wp-json\/wp\/v2\/product_cat?post=33714"},{"taxonomy":"product_tag","embeddable":true,"href":"https:\/\/alleegalerii.ee\/en\/wp-json\/wp\/v2\/product_tag?post=33714"}],"curies":[{"name":"wp","href":"https:\/\/api.w.org\/{rel}","templated":true}]}}