{"id":33696,"date":"2025-06-06T13:28:59","date_gmt":"2025-06-06T10:28:59","guid":{"rendered":"https:\/\/alleegalerii.ee\/?post_type=product&#038;p=33696"},"modified":"2025-08-26T20:02:36","modified_gmt":"2025-08-26T17:02:36","slug":"valdur-ohakas-kubaraga-daam-1962","status":"publish","type":"product","link":"https:\/\/alleegalerii.ee\/en\/shop\/valdur-ohakas-kubaraga-daam-1962\/","title":{"rendered":"Valdur Ohakas \u201cK\u00fcbaraga daam\u201d, 1962"},"content":{"rendered":"","protected":false},"excerpt":{"rendered":"<p>M\u00dc\u00dcDUD.<\/p>\n<p>\u00d5li kartongil. Raamitud.<\/p>\n<p>M\u00f5\u00f5dud: 56,5 x 50 cm.<\/p>\n<p>All paremal: V. OHAKAS 62<\/p>\n<p>Valdur Ohaka (1925-1998) portree on hea n\u00e4ide picassoliku vormideformatsiooni ja pallasliku maalikultuuri kokkupuutest. Klassikaline poolp\u00f6\u00f6rdes portree \u2013 nagu seda armastati juba keskaegsete madalmaalaste kunstis \u2013 on nii silmapaistev ps\u00fchholoogiline portree kangest naiskarakterist kui teiselt poolt kunstnikule omane ekspressiivne toonmaal. Ohaka jaoks on pruun maagiline v\u00e4rv, tema pintsli all ei m\u00f5ju see v\u00e4rvitoon igavalt, tardunult nagu 19. sajandi akadeemikute visiitkaart. Valge sall ja hele k\u00fcbar lisavad modellile elegantsi, lastes ta n\u00e4ol paremini esile tulla.<\/p>\n<p>Teos \u201cK\u00fcbaraga daam\u201d oli eksponeeritud &#8220;Valdur Ohaka 100&#8221; maalin\u00e4itusel Allee galeriis Vana-Viru 11a 27.05.-3.07.2025.<\/p>\n","protected":false},"featured_media":32686,"template":"","meta":{"_acf_changed":false},"product_brand":[],"product_cat":[415,56,57,59],"product_tag":[60],"class_list":{"0":"post-33696","1":"product","2":"type-product","3":"status-publish","4":"has-post-thumbnail","6":"product_cat-maal","7":"product_cat-olimaal","8":"product_cat-muudud","9":"product_cat-e-pood","10":"product_tag-e-pood","12":"first","13":"outofstock","14":"sold-individually","15":"shipping-taxable","16":"purchasable","17":"product-type-simple"},"acf":[],"_links":{"self":[{"href":"https:\/\/alleegalerii.ee\/en\/wp-json\/wp\/v2\/product\/33696","targetHints":{"allow":["GET"]}}],"collection":[{"href":"https:\/\/alleegalerii.ee\/en\/wp-json\/wp\/v2\/product"}],"about":[{"href":"https:\/\/alleegalerii.ee\/en\/wp-json\/wp\/v2\/types\/product"}],"wp:featuredmedia":[{"embeddable":true,"href":"https:\/\/alleegalerii.ee\/en\/wp-json\/wp\/v2\/media\/32686"}],"wp:attachment":[{"href":"https:\/\/alleegalerii.ee\/en\/wp-json\/wp\/v2\/media?parent=33696"}],"wp:term":[{"taxonomy":"product_brand","embeddable":true,"href":"https:\/\/alleegalerii.ee\/en\/wp-json\/wp\/v2\/product_brand?post=33696"},{"taxonomy":"product_cat","embeddable":true,"href":"https:\/\/alleegalerii.ee\/en\/wp-json\/wp\/v2\/product_cat?post=33696"},{"taxonomy":"product_tag","embeddable":true,"href":"https:\/\/alleegalerii.ee\/en\/wp-json\/wp\/v2\/product_tag?post=33696"}],"curies":[{"name":"wp","href":"https:\/\/api.w.org\/{rel}","templated":true}]}}