{"id":33681,"date":"2025-06-06T19:51:14","date_gmt":"2025-06-06T16:51:14","guid":{"rendered":"https:\/\/alleegalerii.ee\/?post_type=product&#038;p=33681"},"modified":"2025-06-07T15:45:16","modified_gmt":"2025-06-07T12:45:16","slug":"erich-pehap-lugemas-1947","status":"publish","type":"product","link":"https:\/\/alleegalerii.ee\/en\/shop\/erich-pehap-lugemas-1947\/","title":{"rendered":"Erich Pehap &#8220;Lugemas&#8221;, 1947"},"content":{"rendered":"","protected":false},"excerpt":{"rendered":"<p>Akvarell paberil. Raamitud.<\/p>\n<p>M\u00f5\u00f5dud: ava 43 x 37 cm, raamiga 65 x 59,5 cm.<\/p>\n<p>All paremal: E. Pehap 1947<\/p>\n<p>Viljandis s\u00fcndinud Erich Konstantin Pehap (1912-1981) oli andekas nii maalija kui graafikuna. Ka emigratsioonis osales ta edukalt rahvusvahelises kunstielus, korraldas seal aktiivselt n\u00e4itusi ning \u00fchendas oma loomingus kunstiteadmised nii Eestist kui Kanadast. Kunstniku elus m\u00e4ngis olulist rolli tema vend Allan Endel Pehap ning just tema on olnud modelliks ka k\u00e4esoleval teosel.<\/p>\n","protected":false},"featured_media":33682,"template":"","meta":{"_acf_changed":false},"product_brand":[],"product_cat":[415,54,59],"product_tag":[60],"class_list":{"0":"post-33681","1":"product","2":"type-product","3":"status-publish","4":"has-post-thumbnail","6":"product_cat-maal","7":"product_cat-akvarell","8":"product_cat-e-pood","9":"product_tag-e-pood","11":"first","12":"instock","13":"sold-individually","14":"shipping-taxable","15":"purchasable","16":"product-type-simple"},"acf":[],"_links":{"self":[{"href":"https:\/\/alleegalerii.ee\/en\/wp-json\/wp\/v2\/product\/33681","targetHints":{"allow":["GET"]}}],"collection":[{"href":"https:\/\/alleegalerii.ee\/en\/wp-json\/wp\/v2\/product"}],"about":[{"href":"https:\/\/alleegalerii.ee\/en\/wp-json\/wp\/v2\/types\/product"}],"wp:featuredmedia":[{"embeddable":true,"href":"https:\/\/alleegalerii.ee\/en\/wp-json\/wp\/v2\/media\/33682"}],"wp:attachment":[{"href":"https:\/\/alleegalerii.ee\/en\/wp-json\/wp\/v2\/media?parent=33681"}],"wp:term":[{"taxonomy":"product_brand","embeddable":true,"href":"https:\/\/alleegalerii.ee\/en\/wp-json\/wp\/v2\/product_brand?post=33681"},{"taxonomy":"product_cat","embeddable":true,"href":"https:\/\/alleegalerii.ee\/en\/wp-json\/wp\/v2\/product_cat?post=33681"},{"taxonomy":"product_tag","embeddable":true,"href":"https:\/\/alleegalerii.ee\/en\/wp-json\/wp\/v2\/product_tag?post=33681"}],"curies":[{"name":"wp","href":"https:\/\/api.w.org\/{rel}","templated":true}]}}