{"id":33666,"date":"2025-06-06T20:02:54","date_gmt":"2025-06-06T17:02:54","guid":{"rendered":"https:\/\/alleegalerii.ee\/?post_type=product&#038;p=33666"},"modified":"2025-06-07T15:39:37","modified_gmt":"2025-06-07T12:39:37","slug":"aleksander-ristmagi-malemangijad-1950","status":"publish","type":"product","link":"https:\/\/alleegalerii.ee\/en\/shop\/aleksander-ristmagi-malemangijad-1950\/","title":{"rendered":"Aleksander Ristm\u00e4gi &#8220;Malem\u00e4ngijad&#8221;, 1950"},"content":{"rendered":"","protected":false},"excerpt":{"rendered":"<p>Segatehnika paberil. Raamitud.<\/p>\n<p>M\u00f5\u00f5dud: ava 25,5 x 34,2 cm, raamiga 45 x 54 cm.<\/p>\n<p>All keskel: A. Ristim\u00e4gi<\/p>\n<p>Aleksander Ristm\u00e4gi, varasema nimega Aleksander Eisvald (1902-1972) alustas kunstihariduse omandamist Ants Laikmaa ateljeekoolis ning j\u00e4tkas neid \u201cPallases\u201d, mille l\u00f5petas 1943. aastal Ado Vabbe k\u00e4e all.<\/p>\n<p>1944. aastal Rootsi p\u00f5genenud Ristm\u00e4gi saavutas juba Eesti Vabariigi ajal tuntuse andeka karikaturistina ja sellega j\u00e4tkas ta ka emigratsioonis. \u201cMalem\u00e4ngijad\u201d aastast 1950 on hea n\u00e4ide kunstniku iroonilisest meelest ja huumorisoonest. Tegelaste m\u00f5nusa karikeerimise kaudu annab ta oma hinnangu ajusid ragistavaile meestele ning on l\u00e4bi vastandlike ilmete m\u00e4ngijate n\u00e4ol annab osavalt edasi ka m\u00e4ngu hetkeseisu.<\/p>\n","protected":false},"featured_media":33667,"template":"","meta":{"_acf_changed":false},"product_brand":[],"product_cat":[415,62,59,93],"product_tag":[60],"class_list":{"0":"post-33666","1":"product","2":"type-product","3":"status-publish","4":"has-post-thumbnail","6":"product_cat-maal","7":"product_cat-joonistus","8":"product_cat-e-pood","9":"product_cat-segatehnika","10":"product_tag-e-pood","12":"first","13":"instock","14":"sold-individually","15":"shipping-taxable","16":"purchasable","17":"product-type-simple"},"acf":[],"_links":{"self":[{"href":"https:\/\/alleegalerii.ee\/en\/wp-json\/wp\/v2\/product\/33666","targetHints":{"allow":["GET"]}}],"collection":[{"href":"https:\/\/alleegalerii.ee\/en\/wp-json\/wp\/v2\/product"}],"about":[{"href":"https:\/\/alleegalerii.ee\/en\/wp-json\/wp\/v2\/types\/product"}],"wp:featuredmedia":[{"embeddable":true,"href":"https:\/\/alleegalerii.ee\/en\/wp-json\/wp\/v2\/media\/33667"}],"wp:attachment":[{"href":"https:\/\/alleegalerii.ee\/en\/wp-json\/wp\/v2\/media?parent=33666"}],"wp:term":[{"taxonomy":"product_brand","embeddable":true,"href":"https:\/\/alleegalerii.ee\/en\/wp-json\/wp\/v2\/product_brand?post=33666"},{"taxonomy":"product_cat","embeddable":true,"href":"https:\/\/alleegalerii.ee\/en\/wp-json\/wp\/v2\/product_cat?post=33666"},{"taxonomy":"product_tag","embeddable":true,"href":"https:\/\/alleegalerii.ee\/en\/wp-json\/wp\/v2\/product_tag?post=33666"}],"curies":[{"name":"wp","href":"https:\/\/api.w.org\/{rel}","templated":true}]}}