{"id":33660,"date":"2025-06-20T08:10:59","date_gmt":"2025-06-20T05:10:59","guid":{"rendered":"https:\/\/alleegalerii.ee\/?post_type=product&#038;p=33660"},"modified":"2026-01-16T15:59:56","modified_gmt":"2026-01-16T13:59:56","slug":"karl-burman-junior-istuv-akt-1953","status":"publish","type":"product","link":"https:\/\/alleegalerii.ee\/en\/shop\/karl-burman-junior-istuv-akt-1953\/","title":{"rendered":"Karl Burman junior &#8220;Istuv akt&#8221;, 1953"},"content":{"rendered":"","protected":false},"excerpt":{"rendered":"<p>Akvarell paberil. Raamitud.<\/p>\n<p>M\u00f5\u00f5dud: ava 37,5 x 25,8 cm, raamiga 57 x 44 cm.<\/p>\n<p>All vasakul: Karl Burman 53<\/p>\n<p>Karl Burman juunior (1914-2001) \u00f5ppis akvarelli oma isalt ja onult ning viljeles seda 1930. aastate l\u00f5pust peale. L\u00e4bi aastak\u00fcmnete oli ta \u00fcks eesti tuntumaid akvarelliste ja valitud ka Eesti Akvarellistide \u00dchenduse auliikmeks.<\/p>\n","protected":false},"featured_media":33661,"template":"","meta":{"_acf_changed":false},"product_brand":[],"product_cat":[415,54,59],"product_tag":[60],"class_list":{"0":"post-33660","1":"product","2":"type-product","3":"status-publish","4":"has-post-thumbnail","6":"product_cat-maal","7":"product_cat-akvarell","8":"product_cat-e-pood","9":"product_tag-e-pood","11":"first","12":"instock","13":"shipping-taxable","14":"purchasable","15":"product-type-simple"},"acf":[],"_links":{"self":[{"href":"https:\/\/alleegalerii.ee\/en\/wp-json\/wp\/v2\/product\/33660","targetHints":{"allow":["GET"]}}],"collection":[{"href":"https:\/\/alleegalerii.ee\/en\/wp-json\/wp\/v2\/product"}],"about":[{"href":"https:\/\/alleegalerii.ee\/en\/wp-json\/wp\/v2\/types\/product"}],"wp:featuredmedia":[{"embeddable":true,"href":"https:\/\/alleegalerii.ee\/en\/wp-json\/wp\/v2\/media\/33661"}],"wp:attachment":[{"href":"https:\/\/alleegalerii.ee\/en\/wp-json\/wp\/v2\/media?parent=33660"}],"wp:term":[{"taxonomy":"product_brand","embeddable":true,"href":"https:\/\/alleegalerii.ee\/en\/wp-json\/wp\/v2\/product_brand?post=33660"},{"taxonomy":"product_cat","embeddable":true,"href":"https:\/\/alleegalerii.ee\/en\/wp-json\/wp\/v2\/product_cat?post=33660"},{"taxonomy":"product_tag","embeddable":true,"href":"https:\/\/alleegalerii.ee\/en\/wp-json\/wp\/v2\/product_tag?post=33660"}],"curies":[{"name":"wp","href":"https:\/\/api.w.org\/{rel}","templated":true}]}}