{"id":33639,"date":"2025-06-04T16:05:41","date_gmt":"2025-06-04T13:05:41","guid":{"rendered":"https:\/\/alleegalerii.ee\/?post_type=product&#038;p=33639"},"modified":"2026-02-26T07:54:23","modified_gmt":"2026-02-26T05:54:23","slug":"silvi-liiva-pruut-1992-2","status":"publish","type":"product","link":"https:\/\/alleegalerii.ee\/en\/shop\/silvi-liiva-pruut-1992-2\/","title":{"rendered":"Silvi Liiva &#8220;Pruut&#8221;, 1992"},"content":{"rendered":"","protected":false},"excerpt":{"rendered":"<p>M\u00dc\u00dcDUD.<\/p>\n<p>Ofort paberil. Raamitud.<\/p>\n<p>M\u00f5\u00f5dud: plm 20,5 x 15 cm, raamiga 38 x 32 cm.<\/p>\n<p>All vasakul: Pruut, ofort, 14\/30<br \/>\nAll paremal: Silvi Liiva 1992<\/p>\n<p>L\u00f5una-Eestist V\u00e4rskast p\u00e4rit graafik Silvi Liiva (1941-2023) on oma loomingu eest v\u00f5itnud arvukalt preemiaid, sh Eduard Wiiralti graafika auhinna (elut\u00f6\u00f6preemia). Tema s\u00fcrreaalse alatooniga teoste p\u00f5hifookus on emotsioonidel, s\u00fcmbolitel, t\u00e4hendusel.<\/p>\n","protected":false},"featured_media":33643,"template":"","meta":{"_acf_changed":false},"product_brand":[],"product_cat":[61,57,59],"product_tag":[60],"class_list":{"0":"post-33639","1":"product","2":"type-product","3":"status-publish","4":"has-post-thumbnail","6":"product_cat-graafika","7":"product_cat-muudud","8":"product_cat-e-pood","9":"product_tag-e-pood","11":"first","12":"outofstock","13":"sold-individually","14":"shipping-taxable","15":"purchasable","16":"product-type-simple"},"acf":[],"_links":{"self":[{"href":"https:\/\/alleegalerii.ee\/en\/wp-json\/wp\/v2\/product\/33639","targetHints":{"allow":["GET"]}}],"collection":[{"href":"https:\/\/alleegalerii.ee\/en\/wp-json\/wp\/v2\/product"}],"about":[{"href":"https:\/\/alleegalerii.ee\/en\/wp-json\/wp\/v2\/types\/product"}],"wp:featuredmedia":[{"embeddable":true,"href":"https:\/\/alleegalerii.ee\/en\/wp-json\/wp\/v2\/media\/33643"}],"wp:attachment":[{"href":"https:\/\/alleegalerii.ee\/en\/wp-json\/wp\/v2\/media?parent=33639"}],"wp:term":[{"taxonomy":"product_brand","embeddable":true,"href":"https:\/\/alleegalerii.ee\/en\/wp-json\/wp\/v2\/product_brand?post=33639"},{"taxonomy":"product_cat","embeddable":true,"href":"https:\/\/alleegalerii.ee\/en\/wp-json\/wp\/v2\/product_cat?post=33639"},{"taxonomy":"product_tag","embeddable":true,"href":"https:\/\/alleegalerii.ee\/en\/wp-json\/wp\/v2\/product_tag?post=33639"}],"curies":[{"name":"wp","href":"https:\/\/api.w.org\/{rel}","templated":true}]}}