{"id":33574,"date":"2025-06-06T19:56:50","date_gmt":"2025-06-06T16:56:50","guid":{"rendered":"https:\/\/alleegalerii.ee\/?post_type=product&#038;p=33574"},"modified":"2026-01-16T16:06:15","modified_gmt":"2026-01-16T14:06:15","slug":"johannes-uiga-akt-1950ndad","status":"publish","type":"product","link":"https:\/\/alleegalerii.ee\/en\/shop\/johannes-uiga-akt-1950ndad\/","title":{"rendered":"Johannes Uiga &#8220;Akt&#8221;, 1950ndad"},"content":{"rendered":"","protected":false},"excerpt":{"rendered":"<p>\u00d5li l\u00f5uendil. Raamitud.<\/p>\n<p>M\u00f5\u00f5dud: 73 x 64,5 cm, raamiga 84 x 75,5 cm.<\/p>\n<p>Raamil plaadil: Johannes Uiga 1918-1998 Akt 1950ndad<\/p>\n<p>Tartus s\u00fcndinud Johannes Uiga (1918-1998) oli eelk\u00f5ige tuntud oma aktide, L\u00f5una-Eesti maastike ja vaikelude poolest. Uiga loomingule avaldas suurt m\u00f5ju tema \u00f5petaja Aleksander Vardi, kelle maaliateljees ta oma 1930ndate teisel poolel \u00f5ppis.<\/p>\n<p>&nbsp;<\/p>\n","protected":false},"featured_media":33625,"template":"","meta":{"_acf_changed":false},"product_brand":[],"product_cat":[415,56,59],"product_tag":[60],"class_list":{"0":"post-33574","1":"product","2":"type-product","3":"status-publish","4":"has-post-thumbnail","6":"product_cat-maal","7":"product_cat-olimaal","8":"product_cat-e-pood","9":"product_tag-e-pood","11":"first","12":"instock","13":"sold-individually","14":"shipping-taxable","15":"purchasable","16":"product-type-simple"},"acf":[],"_links":{"self":[{"href":"https:\/\/alleegalerii.ee\/en\/wp-json\/wp\/v2\/product\/33574","targetHints":{"allow":["GET"]}}],"collection":[{"href":"https:\/\/alleegalerii.ee\/en\/wp-json\/wp\/v2\/product"}],"about":[{"href":"https:\/\/alleegalerii.ee\/en\/wp-json\/wp\/v2\/types\/product"}],"wp:featuredmedia":[{"embeddable":true,"href":"https:\/\/alleegalerii.ee\/en\/wp-json\/wp\/v2\/media\/33625"}],"wp:attachment":[{"href":"https:\/\/alleegalerii.ee\/en\/wp-json\/wp\/v2\/media?parent=33574"}],"wp:term":[{"taxonomy":"product_brand","embeddable":true,"href":"https:\/\/alleegalerii.ee\/en\/wp-json\/wp\/v2\/product_brand?post=33574"},{"taxonomy":"product_cat","embeddable":true,"href":"https:\/\/alleegalerii.ee\/en\/wp-json\/wp\/v2\/product_cat?post=33574"},{"taxonomy":"product_tag","embeddable":true,"href":"https:\/\/alleegalerii.ee\/en\/wp-json\/wp\/v2\/product_tag?post=33574"}],"curies":[{"name":"wp","href":"https:\/\/api.w.org\/{rel}","templated":true}]}}