{"id":33572,"date":"2025-06-04T18:25:36","date_gmt":"2025-06-04T15:25:36","guid":{"rendered":"https:\/\/alleegalerii.ee\/?post_type=product&#038;p=33572"},"modified":"2025-06-04T18:25:36","modified_gmt":"2025-06-04T15:25:36","slug":"ulla-sampu-lamav-akt-1950ndad","status":"publish","type":"product","link":"https:\/\/alleegalerii.ee\/en\/shop\/ulla-sampu-lamav-akt-1950ndad\/","title":{"rendered":"Ulla Sampu &#8220;Lamav akt&#8221;, 1950ndad"},"content":{"rendered":"","protected":false},"excerpt":{"rendered":"<p>Akvarell paberil. Raamitud.<\/p>\n<p>M\u00f5\u00f5dud: ava 33 x 54,5 cm, raamiga 49 x 69,5 cm.<\/p>\n<p>P\u00f6\u00f6rdel: Ulla Sampu &#8220;Lamav akt&#8221; 1950-ndad<\/p>\n<p>Ulla-Britta Sampu\u00a0\u00a0(1933-2006) l\u00f5petas Eesti Riikliku Kunstiinstituudi graafikuna ning osales aktiivselt kunstielus, esinedes mitmetel erialastel n\u00e4itustel ja konkurssidel. &#8220;Lamav akt&#8221; iseloomustab teda kui oma kompositsioone p\u00f5hjalikult kalkuleeriva ja viimistletud tulemusele orienteeritud kunstnikuna, kelle k\u00e4e alla ei satu midagi juhuslikku.<\/p>\n","protected":false},"featured_media":33619,"template":"","meta":{"_acf_changed":false},"product_brand":[],"product_cat":[415,54,59],"product_tag":[60],"class_list":{"0":"post-33572","1":"product","2":"type-product","3":"status-publish","4":"has-post-thumbnail","6":"product_cat-maal","7":"product_cat-akvarell","8":"product_cat-e-pood","9":"product_tag-e-pood","11":"first","12":"instock","13":"sold-individually","14":"shipping-taxable","15":"purchasable","16":"product-type-simple"},"acf":[],"_links":{"self":[{"href":"https:\/\/alleegalerii.ee\/en\/wp-json\/wp\/v2\/product\/33572","targetHints":{"allow":["GET"]}}],"collection":[{"href":"https:\/\/alleegalerii.ee\/en\/wp-json\/wp\/v2\/product"}],"about":[{"href":"https:\/\/alleegalerii.ee\/en\/wp-json\/wp\/v2\/types\/product"}],"wp:featuredmedia":[{"embeddable":true,"href":"https:\/\/alleegalerii.ee\/en\/wp-json\/wp\/v2\/media\/33619"}],"wp:attachment":[{"href":"https:\/\/alleegalerii.ee\/en\/wp-json\/wp\/v2\/media?parent=33572"}],"wp:term":[{"taxonomy":"product_brand","embeddable":true,"href":"https:\/\/alleegalerii.ee\/en\/wp-json\/wp\/v2\/product_brand?post=33572"},{"taxonomy":"product_cat","embeddable":true,"href":"https:\/\/alleegalerii.ee\/en\/wp-json\/wp\/v2\/product_cat?post=33572"},{"taxonomy":"product_tag","embeddable":true,"href":"https:\/\/alleegalerii.ee\/en\/wp-json\/wp\/v2\/product_tag?post=33572"}],"curies":[{"name":"wp","href":"https:\/\/api.w.org\/{rel}","templated":true}]}}