{"id":33570,"date":"2025-06-04T17:26:47","date_gmt":"2025-06-04T14:26:47","guid":{"rendered":"https:\/\/alleegalerii.ee\/?post_type=product&#038;p=33570"},"modified":"2026-01-16T16:01:00","modified_gmt":"2026-01-16T14:01:00","slug":"silvia-leitu-akt-punase-tooliga-1950","status":"publish","type":"product","link":"https:\/\/alleegalerii.ee\/en\/shop\/silvia-leitu-akt-punase-tooliga-1950\/","title":{"rendered":"Silvia Leitu &#8220;Akt tumepunase tooliga&#8221;, 1950"},"content":{"rendered":"","protected":false},"excerpt":{"rendered":"<p>Akvarell. Raamitud.<\/p>\n<p>M\u00f5\u00f5dud: ava 44,5 x 25,5 cm, raamiga 64 x 43 cm.<\/p>\n<p>All paremal: Silvia Leitu 50<\/p>\n<p><span style=\"font-weight: 400;\">Silvia Leitu\u00a0(1912-1969) \u00f5ppis Pallases, kuid l\u00f5petas kunsti\u00f5pingud juba M\u00fcnchenis, kuna p\u00f5genes Teise maailmas\u00f5ja ajal Saksamaale. Hiljem Rootsis elanud kunstnik tegutses akvarellisti ja kost\u00fc\u00fcmikunstnikuna.<\/span><\/p>\n","protected":false},"featured_media":33613,"template":"","meta":{"_acf_changed":false},"product_brand":[],"product_cat":[415,54,59,93],"product_tag":[60],"class_list":{"0":"post-33570","1":"product","2":"type-product","3":"status-publish","4":"has-post-thumbnail","6":"product_cat-maal","7":"product_cat-akvarell","8":"product_cat-e-pood","9":"product_cat-segatehnika","10":"product_tag-e-pood","12":"first","13":"instock","14":"sold-individually","15":"shipping-taxable","16":"purchasable","17":"product-type-simple"},"acf":[],"_links":{"self":[{"href":"https:\/\/alleegalerii.ee\/en\/wp-json\/wp\/v2\/product\/33570","targetHints":{"allow":["GET"]}}],"collection":[{"href":"https:\/\/alleegalerii.ee\/en\/wp-json\/wp\/v2\/product"}],"about":[{"href":"https:\/\/alleegalerii.ee\/en\/wp-json\/wp\/v2\/types\/product"}],"wp:featuredmedia":[{"embeddable":true,"href":"https:\/\/alleegalerii.ee\/en\/wp-json\/wp\/v2\/media\/33613"}],"wp:attachment":[{"href":"https:\/\/alleegalerii.ee\/en\/wp-json\/wp\/v2\/media?parent=33570"}],"wp:term":[{"taxonomy":"product_brand","embeddable":true,"href":"https:\/\/alleegalerii.ee\/en\/wp-json\/wp\/v2\/product_brand?post=33570"},{"taxonomy":"product_cat","embeddable":true,"href":"https:\/\/alleegalerii.ee\/en\/wp-json\/wp\/v2\/product_cat?post=33570"},{"taxonomy":"product_tag","embeddable":true,"href":"https:\/\/alleegalerii.ee\/en\/wp-json\/wp\/v2\/product_tag?post=33570"}],"curies":[{"name":"wp","href":"https:\/\/api.w.org\/{rel}","templated":true}]}}