{"id":33518,"date":"2025-05-30T16:35:28","date_gmt":"2025-05-30T13:35:28","guid":{"rendered":"https:\/\/alleegalerii.ee\/?post_type=product&#038;p=33518"},"modified":"2025-05-31T12:39:21","modified_gmt":"2025-05-31T09:39:21","slug":"lydia-mei-pihlakad-vaasis-1960","status":"publish","type":"product","link":"https:\/\/alleegalerii.ee\/en\/shop\/lydia-mei-pihlakad-vaasis-1960\/","title":{"rendered":"Lydia Mei &#8220;Pihlakad vaasis&#8221;, 1960"},"content":{"rendered":"","protected":false},"excerpt":{"rendered":"<p>Akvarell paberil. Raamitud.<\/p>\n<p>M\u00f5\u00f5dud: ava 30,5 x 41 cm, raamiga 47 x 58 cm.<\/p>\n<p>All paremal: LYDIA MEI 1960<\/p>\n<p>Kolmest eesti kunsti legendaarsest Hiiumaa \u00f5est keskmine, Lydia Mei-Starkopf (1896-1965) oli \u00fcks arvestatavamaid nat\u00fc\u00fcrmortide ja lillemaalide viljelejaid. Ta kuulus mitmetesse m\u00e4rglistesse kunstir\u00fchmitustesse, sealhulgas Kujutavate Kunstnikkude Kesk\u00fchingusse, mille \u00fcks vedajaid oli ta abikaasa Anton Starkopf.<\/p>\n<p>&nbsp;<\/p>\n","protected":false},"featured_media":33538,"template":"","meta":{"_acf_changed":false},"product_brand":[],"product_cat":[415,54,59],"product_tag":[60],"class_list":{"0":"post-33518","1":"product","2":"type-product","3":"status-publish","4":"has-post-thumbnail","6":"product_cat-maal","7":"product_cat-akvarell","8":"product_cat-e-pood","9":"product_tag-e-pood","11":"first","12":"instock","13":"sold-individually","14":"shipping-taxable","15":"purchasable","16":"product-type-simple"},"acf":[],"_links":{"self":[{"href":"https:\/\/alleegalerii.ee\/en\/wp-json\/wp\/v2\/product\/33518","targetHints":{"allow":["GET"]}}],"collection":[{"href":"https:\/\/alleegalerii.ee\/en\/wp-json\/wp\/v2\/product"}],"about":[{"href":"https:\/\/alleegalerii.ee\/en\/wp-json\/wp\/v2\/types\/product"}],"wp:featuredmedia":[{"embeddable":true,"href":"https:\/\/alleegalerii.ee\/en\/wp-json\/wp\/v2\/media\/33538"}],"wp:attachment":[{"href":"https:\/\/alleegalerii.ee\/en\/wp-json\/wp\/v2\/media?parent=33518"}],"wp:term":[{"taxonomy":"product_brand","embeddable":true,"href":"https:\/\/alleegalerii.ee\/en\/wp-json\/wp\/v2\/product_brand?post=33518"},{"taxonomy":"product_cat","embeddable":true,"href":"https:\/\/alleegalerii.ee\/en\/wp-json\/wp\/v2\/product_cat?post=33518"},{"taxonomy":"product_tag","embeddable":true,"href":"https:\/\/alleegalerii.ee\/en\/wp-json\/wp\/v2\/product_tag?post=33518"}],"curies":[{"name":"wp","href":"https:\/\/api.w.org\/{rel}","templated":true}]}}