{"id":33516,"date":"2025-05-30T17:16:38","date_gmt":"2025-05-30T14:16:38","guid":{"rendered":"https:\/\/alleegalerii.ee\/?post_type=product&#038;p=33516"},"modified":"2025-05-31T12:31:28","modified_gmt":"2025-05-31T09:31:28","slug":"august-albo-baleriin-1960ndad","status":"publish","type":"product","link":"https:\/\/alleegalerii.ee\/en\/shop\/august-albo-baleriin-1960ndad\/","title":{"rendered":"August Albo &#8220;Baleriin&#8221;, 1960ndad"},"content":{"rendered":"","protected":false},"excerpt":{"rendered":"<p>Pastell paberil. Raamitud.<\/p>\n<p>M\u00f5\u00f5dud: ava 54 x 40 cm, raamiga 74 x 60 cm.<\/p>\n<p>1912-1916 Peterburis Stieglitzi Kunstikoolis ning 1916-1917 Peterburi Kunstiakadeemias \u00f5ppinud August Albo (1893-1963) naasis 1918. aastal Eestisse ning t\u00f6\u00f6tas Tallinna koolides joonistus\u00f5petajana. Eneset\u00e4ienduse vajadused viisid ta 1922. aastal Berliini ning juba samal aastal Pariisi, kus tegutses plakatikunstnikuna, stsenograafina ja maalis. Just seal asus Albo \u00f5ppima ka balletti ja viiulim\u00e4ngu ja hakkas j\u00e4\u00e4dvustama balleti- ja ballistseene.<\/p>\n","protected":false},"featured_media":33546,"template":"","meta":{"_acf_changed":false},"product_brand":[],"product_cat":[415,62,59,68],"product_tag":[60],"class_list":{"0":"post-33516","1":"product","2":"type-product","3":"status-publish","4":"has-post-thumbnail","6":"product_cat-maal","7":"product_cat-joonistus","8":"product_cat-e-pood","9":"product_cat-pastell","10":"product_tag-e-pood","12":"first","13":"instock","14":"sold-individually","15":"shipping-taxable","16":"purchasable","17":"product-type-simple"},"acf":[],"_links":{"self":[{"href":"https:\/\/alleegalerii.ee\/en\/wp-json\/wp\/v2\/product\/33516","targetHints":{"allow":["GET"]}}],"collection":[{"href":"https:\/\/alleegalerii.ee\/en\/wp-json\/wp\/v2\/product"}],"about":[{"href":"https:\/\/alleegalerii.ee\/en\/wp-json\/wp\/v2\/types\/product"}],"wp:featuredmedia":[{"embeddable":true,"href":"https:\/\/alleegalerii.ee\/en\/wp-json\/wp\/v2\/media\/33546"}],"wp:attachment":[{"href":"https:\/\/alleegalerii.ee\/en\/wp-json\/wp\/v2\/media?parent=33516"}],"wp:term":[{"taxonomy":"product_brand","embeddable":true,"href":"https:\/\/alleegalerii.ee\/en\/wp-json\/wp\/v2\/product_brand?post=33516"},{"taxonomy":"product_cat","embeddable":true,"href":"https:\/\/alleegalerii.ee\/en\/wp-json\/wp\/v2\/product_cat?post=33516"},{"taxonomy":"product_tag","embeddable":true,"href":"https:\/\/alleegalerii.ee\/en\/wp-json\/wp\/v2\/product_tag?post=33516"}],"curies":[{"name":"wp","href":"https:\/\/api.w.org\/{rel}","templated":true}]}}