{"id":33509,"date":"2025-05-30T16:09:49","date_gmt":"2025-05-30T13:09:49","guid":{"rendered":"https:\/\/alleegalerii.ee\/?post_type=product&#038;p=33509"},"modified":"2025-05-30T16:32:35","modified_gmt":"2025-05-30T13:32:35","slug":"ilmar-kimm-ohtu-1987","status":"publish","type":"product","link":"https:\/\/alleegalerii.ee\/en\/shop\/ilmar-kimm-ohtu-1987\/","title":{"rendered":"Ilmar Kimm &#8220;\u00d5htu&#8221;, 1987"},"content":{"rendered":"","protected":false},"excerpt":{"rendered":"<p>\u00d5li papil. Raamitud.<\/p>\n<p>M\u00f5\u00f5dud 24,5 x 34,5 cm, raamiga 37 x 47 cm.<\/p>\n<p>All paremal: I. Kimm 87.<br \/>\nP\u00f6\u00f6rdel: ILMAR KIMM &#8220;\u00d5HTU&#8221; 1987. \u00f5. p. 24,5 x 34,5 cm<\/p>\n<p>Ilmar Kimmi (1920-2011) sai oma kunstihariduse mitmetest nimekatest kunstikoolidest Venemaal. 1948. aastal Tartu Riikliku Kunstiinstituuti maali\u00f5ppej\u00f5uks saabunud Kimm valdas pea k\u00f5iki maali\u017eanre ning oli seet\u00f5ttu n\u00f5utud \u00f5ppej\u00f5ud.<\/p>\n<p>Loodusvaateid on peetud tema loomingu tugevaimaks osaks. 1960ndatest alates muutus tema koloriit erksamaks ning maalimisviis vabamaks. Ka k\u00e4esoleva maali peamine v\u00f5lu on just \u00f5htuse valguse meisterlikus ja vabas edasiandmises.<\/p>\n","protected":false},"featured_media":33525,"template":"","meta":{"_acf_changed":false},"product_brand":[],"product_cat":[415,56,59],"product_tag":[60],"class_list":{"0":"post-33509","1":"product","2":"type-product","3":"status-publish","4":"has-post-thumbnail","6":"product_cat-maal","7":"product_cat-olimaal","8":"product_cat-e-pood","9":"product_tag-e-pood","11":"first","12":"instock","13":"sold-individually","14":"shipping-taxable","15":"purchasable","16":"product-type-simple"},"acf":[],"_links":{"self":[{"href":"https:\/\/alleegalerii.ee\/en\/wp-json\/wp\/v2\/product\/33509","targetHints":{"allow":["GET"]}}],"collection":[{"href":"https:\/\/alleegalerii.ee\/en\/wp-json\/wp\/v2\/product"}],"about":[{"href":"https:\/\/alleegalerii.ee\/en\/wp-json\/wp\/v2\/types\/product"}],"wp:featuredmedia":[{"embeddable":true,"href":"https:\/\/alleegalerii.ee\/en\/wp-json\/wp\/v2\/media\/33525"}],"wp:attachment":[{"href":"https:\/\/alleegalerii.ee\/en\/wp-json\/wp\/v2\/media?parent=33509"}],"wp:term":[{"taxonomy":"product_brand","embeddable":true,"href":"https:\/\/alleegalerii.ee\/en\/wp-json\/wp\/v2\/product_brand?post=33509"},{"taxonomy":"product_cat","embeddable":true,"href":"https:\/\/alleegalerii.ee\/en\/wp-json\/wp\/v2\/product_cat?post=33509"},{"taxonomy":"product_tag","embeddable":true,"href":"https:\/\/alleegalerii.ee\/en\/wp-json\/wp\/v2\/product_tag?post=33509"}],"curies":[{"name":"wp","href":"https:\/\/api.w.org\/{rel}","templated":true}]}}