{"id":33508,"date":"2025-05-30T13:44:40","date_gmt":"2025-05-30T10:44:40","guid":{"rendered":"https:\/\/alleegalerii.ee\/?post_type=product&#038;p=33508"},"modified":"2025-05-30T14:32:46","modified_gmt":"2025-05-30T11:32:46","slug":"rein-tammik-jalutajad","status":"publish","type":"product","link":"https:\/\/alleegalerii.ee\/en\/shop\/rein-tammik-jalutajad\/","title":{"rendered":"Rein Tammik &#8220;Jalutajad&#8221;"},"content":{"rendered":"","protected":false},"excerpt":{"rendered":"<p>\u00d5li masoniidil. Raamitud.<\/p>\n<p>M\u00f5\u00f5dud: 19,5 x 41 cm, raamiga 27 x 49,5 cm.<\/p>\n<p>All paremal: Tammik<\/p>\n<p>Valgas s\u00fcndinud, kuid 1988. aastast alates Prantsusmaal elav Rein Tammiku (s 1947) teoseid leiab lisaks Eesti muuseumidele arvukates v\u00e4lisriikide kollektsioonides. Tehniliselt t\u00e4iuseni viimistletud meisterlikud teosed on tema \u00fcks firmam\u00e4rke.<\/p>\n","protected":false},"featured_media":33514,"template":"","meta":{"_acf_changed":false},"product_brand":[],"product_cat":[415,56,59],"product_tag":[60],"class_list":{"0":"post-33508","1":"product","2":"type-product","3":"status-publish","4":"has-post-thumbnail","6":"product_cat-maal","7":"product_cat-olimaal","8":"product_cat-e-pood","9":"product_tag-e-pood","11":"first","12":"instock","13":"sold-individually","14":"shipping-taxable","15":"purchasable","16":"product-type-simple"},"acf":[],"_links":{"self":[{"href":"https:\/\/alleegalerii.ee\/en\/wp-json\/wp\/v2\/product\/33508","targetHints":{"allow":["GET"]}}],"collection":[{"href":"https:\/\/alleegalerii.ee\/en\/wp-json\/wp\/v2\/product"}],"about":[{"href":"https:\/\/alleegalerii.ee\/en\/wp-json\/wp\/v2\/types\/product"}],"wp:featuredmedia":[{"embeddable":true,"href":"https:\/\/alleegalerii.ee\/en\/wp-json\/wp\/v2\/media\/33514"}],"wp:attachment":[{"href":"https:\/\/alleegalerii.ee\/en\/wp-json\/wp\/v2\/media?parent=33508"}],"wp:term":[{"taxonomy":"product_brand","embeddable":true,"href":"https:\/\/alleegalerii.ee\/en\/wp-json\/wp\/v2\/product_brand?post=33508"},{"taxonomy":"product_cat","embeddable":true,"href":"https:\/\/alleegalerii.ee\/en\/wp-json\/wp\/v2\/product_cat?post=33508"},{"taxonomy":"product_tag","embeddable":true,"href":"https:\/\/alleegalerii.ee\/en\/wp-json\/wp\/v2\/product_tag?post=33508"}],"curies":[{"name":"wp","href":"https:\/\/api.w.org\/{rel}","templated":true}]}}