{"id":33481,"date":"2025-05-24T14:11:09","date_gmt":"2025-05-24T11:11:09","guid":{"rendered":"https:\/\/alleegalerii.ee\/?post_type=product&#038;p=33481"},"modified":"2026-01-16T16:09:41","modified_gmt":"2026-01-16T14:09:41","slug":"andrei-jegorov-teerada-koju-1910-1920","status":"publish","type":"product","link":"https:\/\/alleegalerii.ee\/en\/shop\/andrei-jegorov-teerada-koju-1910-1920\/","title":{"rendered":"Andrei Jegorov &#8220;Teerada koju&#8221;, 1910-1920"},"content":{"rendered":"","protected":false},"excerpt":{"rendered":"<p>Akvarell paberil. Raamitud.<\/p>\n<p>M\u00f5\u00f5dud: ava 21,5 x 13,5 cm, raamiga 38 x 29 cm.<\/p>\n<p>All paremal: \u0410. \u0415\u0433\u043e\u0440\u043e\u0432<\/p>\n<p>Aruk\u00fclas, talupoja peres s\u00fcndinud Andrei Jegorov (1878-1954) kaotas juba kolme-aastaselt kuulmise, mist\u00f5ttu saadeti ta \u00f5ppima Peterburi kurttummade kooli. Kunstimekas m\u00e4rgati noore poisi andeid ja seet\u00f5ttu j\u00e4tkas ta \u00f5pinguid Kunstide Akadeemia kunstikoolis, mille l\u00f5petas 1906. aastal.<\/p>\n","protected":false},"featured_media":33482,"template":"","meta":{"_acf_changed":false},"product_brand":[],"product_cat":[415,54,59],"product_tag":[60],"class_list":{"0":"post-33481","1":"product","2":"type-product","3":"status-publish","4":"has-post-thumbnail","6":"product_cat-maal","7":"product_cat-akvarell","8":"product_cat-e-pood","9":"product_tag-e-pood","11":"first","12":"instock","13":"shipping-taxable","14":"purchasable","15":"product-type-simple"},"acf":[],"_links":{"self":[{"href":"https:\/\/alleegalerii.ee\/en\/wp-json\/wp\/v2\/product\/33481","targetHints":{"allow":["GET"]}}],"collection":[{"href":"https:\/\/alleegalerii.ee\/en\/wp-json\/wp\/v2\/product"}],"about":[{"href":"https:\/\/alleegalerii.ee\/en\/wp-json\/wp\/v2\/types\/product"}],"wp:featuredmedia":[{"embeddable":true,"href":"https:\/\/alleegalerii.ee\/en\/wp-json\/wp\/v2\/media\/33482"}],"wp:attachment":[{"href":"https:\/\/alleegalerii.ee\/en\/wp-json\/wp\/v2\/media?parent=33481"}],"wp:term":[{"taxonomy":"product_brand","embeddable":true,"href":"https:\/\/alleegalerii.ee\/en\/wp-json\/wp\/v2\/product_brand?post=33481"},{"taxonomy":"product_cat","embeddable":true,"href":"https:\/\/alleegalerii.ee\/en\/wp-json\/wp\/v2\/product_cat?post=33481"},{"taxonomy":"product_tag","embeddable":true,"href":"https:\/\/alleegalerii.ee\/en\/wp-json\/wp\/v2\/product_tag?post=33481"}],"curies":[{"name":"wp","href":"https:\/\/api.w.org\/{rel}","templated":true}]}}