{"id":33463,"date":"2025-05-23T17:07:46","date_gmt":"2025-05-23T14:07:46","guid":{"rendered":"https:\/\/alleegalerii.ee\/?post_type=product&#038;p=33463"},"modified":"2025-12-12T23:38:31","modified_gmt":"2025-12-12T21:38:31","slug":"vive-tolli-lahutatud-naine-1989","status":"publish","type":"product","link":"https:\/\/alleegalerii.ee\/en\/shop\/vive-tolli-lahutatud-naine-1989\/","title":{"rendered":"Vive Tolli &#8220;Lahutatud naine&#8221;, 1989"},"content":{"rendered":"","protected":false},"excerpt":{"rendered":"<p>S\u00f6\u00f6vitus paberil. Raamitud.<\/p>\n<p>M\u00f5\u00f5dud: plm 15,5 x 14,8 cm, raamiga 35,5 x 33,5 cm.<\/p>\n<p>All vasakul: 13\/20 &#8220;Lahutatud naine&#8221; (s\u00f6\u00f6vitus)<br \/>\nAll paremal: VTolli 89<\/p>\n<p>Vive Tolli (1928 \u2013 2020), rohkelt auhindu saanud kunstnik l\u00f5petas 1953. aastal Eesti NSV Riikliku Kunstiinstituudi graafikuna ning hiljem t\u00e4iendas end Jugoslaavias ja Kanadas \u00f5ppides.<\/p>\n","protected":false},"featured_media":33475,"template":"","meta":{"_acf_changed":false},"product_brand":[],"product_cat":[61,59],"product_tag":[60],"class_list":{"0":"post-33463","1":"product","2":"type-product","3":"status-publish","4":"has-post-thumbnail","6":"product_cat-graafika","7":"product_cat-e-pood","8":"product_tag-e-pood","10":"first","11":"outofstock","12":"sold-individually","13":"shipping-taxable","14":"purchasable","15":"product-type-simple"},"acf":[],"_links":{"self":[{"href":"https:\/\/alleegalerii.ee\/en\/wp-json\/wp\/v2\/product\/33463","targetHints":{"allow":["GET"]}}],"collection":[{"href":"https:\/\/alleegalerii.ee\/en\/wp-json\/wp\/v2\/product"}],"about":[{"href":"https:\/\/alleegalerii.ee\/en\/wp-json\/wp\/v2\/types\/product"}],"wp:featuredmedia":[{"embeddable":true,"href":"https:\/\/alleegalerii.ee\/en\/wp-json\/wp\/v2\/media\/33475"}],"wp:attachment":[{"href":"https:\/\/alleegalerii.ee\/en\/wp-json\/wp\/v2\/media?parent=33463"}],"wp:term":[{"taxonomy":"product_brand","embeddable":true,"href":"https:\/\/alleegalerii.ee\/en\/wp-json\/wp\/v2\/product_brand?post=33463"},{"taxonomy":"product_cat","embeddable":true,"href":"https:\/\/alleegalerii.ee\/en\/wp-json\/wp\/v2\/product_cat?post=33463"},{"taxonomy":"product_tag","embeddable":true,"href":"https:\/\/alleegalerii.ee\/en\/wp-json\/wp\/v2\/product_tag?post=33463"}],"curies":[{"name":"wp","href":"https:\/\/api.w.org\/{rel}","templated":true}]}}