{"id":33445,"date":"2025-05-23T13:31:06","date_gmt":"2025-05-23T10:31:06","guid":{"rendered":"https:\/\/alleegalerii.ee\/?post_type=product&#038;p=33445"},"modified":"2025-05-23T13:31:07","modified_gmt":"2025-05-23T10:31:07","slug":"mai-levin-valdur-ohakas-luhimonograafia-ja-naituse-kataloog-2025","status":"publish","type":"product","link":"https:\/\/alleegalerii.ee\/en\/shop\/mai-levin-valdur-ohakas-luhimonograafia-ja-naituse-kataloog-2025\/","title":{"rendered":"Mai Levin \u201cValdur Ohakas \u2013 l\u00fchimonograafia ja n\u00e4ituse kataloog\u201d, 2025"},"content":{"rendered":"","protected":false},"excerpt":{"rendered":"<p>L\u00fchimonograafia kaasneb n\u00e4itusega \u201eValdur Ohakas 100\u201c 27. mai \u2014 3. juuli 2025 Allee galeriis.<\/p>\n<p>Mai Levini koostatud l\u00fchimonograafia kunstnik Valdur Ohakas eluloost ja loomingust. Raamat sisaldab ka n\u00e4itusel esindatud Ohaka teoste kataloogi.<\/p>\n<p class=\"p1\">Koostaja: Mai Levin. Toimetaja: Katre Palm. Ingliskeelse res\u00fcmee t\u00f5lkija: Madli Valk. Keeletoimetus ja meedia: Harry Liivrand. Graafiline disain: Karl Kevad. V\u00e4ljaandja: Allee galerii.<\/p>\n","protected":false},"featured_media":33448,"template":"","meta":{"_acf_changed":false},"product_brand":[],"product_cat":[55,59],"product_tag":[60],"class_list":{"0":"post-33445","1":"product","2":"type-product","3":"status-publish","4":"has-post-thumbnail","6":"product_cat-raamatud","7":"product_cat-e-pood","8":"product_tag-e-pood","10":"first","11":"instock","12":"shipping-taxable","13":"purchasable","14":"product-type-simple"},"acf":[],"_links":{"self":[{"href":"https:\/\/alleegalerii.ee\/en\/wp-json\/wp\/v2\/product\/33445","targetHints":{"allow":["GET"]}}],"collection":[{"href":"https:\/\/alleegalerii.ee\/en\/wp-json\/wp\/v2\/product"}],"about":[{"href":"https:\/\/alleegalerii.ee\/en\/wp-json\/wp\/v2\/types\/product"}],"wp:featuredmedia":[{"embeddable":true,"href":"https:\/\/alleegalerii.ee\/en\/wp-json\/wp\/v2\/media\/33448"}],"wp:attachment":[{"href":"https:\/\/alleegalerii.ee\/en\/wp-json\/wp\/v2\/media?parent=33445"}],"wp:term":[{"taxonomy":"product_brand","embeddable":true,"href":"https:\/\/alleegalerii.ee\/en\/wp-json\/wp\/v2\/product_brand?post=33445"},{"taxonomy":"product_cat","embeddable":true,"href":"https:\/\/alleegalerii.ee\/en\/wp-json\/wp\/v2\/product_cat?post=33445"},{"taxonomy":"product_tag","embeddable":true,"href":"https:\/\/alleegalerii.ee\/en\/wp-json\/wp\/v2\/product_tag?post=33445"}],"curies":[{"name":"wp","href":"https:\/\/api.w.org\/{rel}","templated":true}]}}