{"id":33443,"date":"2025-05-22T14:27:43","date_gmt":"2025-05-22T11:27:43","guid":{"rendered":"https:\/\/alleegalerii.ee\/?post_type=product&#038;p=33443"},"modified":"2025-05-22T14:31:16","modified_gmt":"2025-05-22T11:31:16","slug":"linda-kits-magi-matkajad-1960ndad-70ndad","status":"publish","type":"product","link":"https:\/\/alleegalerii.ee\/en\/shop\/linda-kits-magi-matkajad-1960ndad-70ndad\/","title":{"rendered":"Linda Kits-M\u00e4gi &#8220;Matkajad&#8221;, 1960ndad-70ndad"},"content":{"rendered":"","protected":false},"excerpt":{"rendered":"<p>\u00d5li papil. Raamitud.<\/p>\n<p>M\u00f5\u00f5dud: 33 x 48 cm<\/p>\n<p>P\u00f6\u00f6rdel: Linda Kits-M\u00e4gi \u201cMatkajad\u201d ning kavatseva maali suurus: 82 x 120<\/p>\n<p>Matkajate ja suvitajate teema ilmus Linda Kits-M\u00e4gi (1916-1990) loomingusse 1960ndatel (vt ka \u201cRongile\u201d, 1964, EKM). Looduskaunis Valgemetsas suvitades puutus ta L\u00f5una-Eestisse s\u00f5itnud puhkajatega sageli kokku ja nii inspireeris see kavandama suurt, 82 x 120 cm maali, mille ette valmistamisel valmis ka k\u00e4esolev teos.<\/p>\n<p>Kunstnikule omases temperamentselt s\u00e4hvivas maalilaadis annab ta edasi enne matkale minemist \u00f5hus olevat elevust eesootavast seiklusest. Samal ajal kui maja ette pargitud autot t\u00e4idavad k\u00f5ige vajalikuga \u00e4hmis lapsevanemad, ei suuda lapsed r\u00f5\u00f5mu varjata ning jooksevad kilgates \u00fcmber auto.<\/p>\n","protected":false},"featured_media":32208,"template":"","meta":{"_acf_changed":false},"product_brand":[],"product_cat":[415,56,59],"product_tag":[60],"class_list":{"0":"post-33443","1":"product","2":"type-product","3":"status-publish","4":"has-post-thumbnail","6":"product_cat-maal","7":"product_cat-olimaal","8":"product_cat-e-pood","9":"product_tag-e-pood","11":"first","12":"instock","13":"sold-individually","14":"shipping-taxable","15":"purchasable","16":"product-type-simple"},"acf":[],"_links":{"self":[{"href":"https:\/\/alleegalerii.ee\/en\/wp-json\/wp\/v2\/product\/33443","targetHints":{"allow":["GET"]}}],"collection":[{"href":"https:\/\/alleegalerii.ee\/en\/wp-json\/wp\/v2\/product"}],"about":[{"href":"https:\/\/alleegalerii.ee\/en\/wp-json\/wp\/v2\/types\/product"}],"wp:featuredmedia":[{"embeddable":true,"href":"https:\/\/alleegalerii.ee\/en\/wp-json\/wp\/v2\/media\/32208"}],"wp:attachment":[{"href":"https:\/\/alleegalerii.ee\/en\/wp-json\/wp\/v2\/media?parent=33443"}],"wp:term":[{"taxonomy":"product_brand","embeddable":true,"href":"https:\/\/alleegalerii.ee\/en\/wp-json\/wp\/v2\/product_brand?post=33443"},{"taxonomy":"product_cat","embeddable":true,"href":"https:\/\/alleegalerii.ee\/en\/wp-json\/wp\/v2\/product_cat?post=33443"},{"taxonomy":"product_tag","embeddable":true,"href":"https:\/\/alleegalerii.ee\/en\/wp-json\/wp\/v2\/product_tag?post=33443"}],"curies":[{"name":"wp","href":"https:\/\/api.w.org\/{rel}","templated":true}]}}