{"id":33431,"date":"2025-05-21T14:58:39","date_gmt":"2025-05-21T11:58:39","guid":{"rendered":"https:\/\/alleegalerii.ee\/?post_type=product&#038;p=33431"},"modified":"2026-01-16T16:10:55","modified_gmt":"2026-01-16T14:10:55","slug":"vladimir-bogatkin-kalasadam-1950-1960","status":"publish","type":"product","link":"https:\/\/alleegalerii.ee\/en\/shop\/vladimir-bogatkin-kalasadam-1950-1960\/","title":{"rendered":"Vladimir Bogatkin &#8220;Kalasadam&#8221;, 1950-1960"},"content":{"rendered":"","protected":false},"excerpt":{"rendered":"<p>\u00d5li papil. Raamitud.<\/p>\n<p>M\u00f5\u00f5dud: 13 x 35 cm, raamiga 24 x 45 cm.<\/p>\n<p>All paremal: \u0412. \u0411\u043e\u0433\u0430\u0442\u043a\u0438\u043d<\/p>\n<p>1934. aastast silmapaistva \u00a0graafiku ja maalija Aleksei Kravt\u0161enko stuudios, seej\u00e4rel 1936-1940 Ilja Repini nimelises kunstiinstituudis Peterburis \u00f5ppinud Vladimir Bogatkin (1922-1971) oli hinnatud kunstnik, kes jagas oma elu Tallinna ja Moskva vahel, mida tingis \u00fcheti nii armastus Eesti vastu kui ka abikaasa Valli Lember-Bogatkina, kes siit p\u00e4rit oli.<\/p>\n","protected":false},"featured_media":33436,"template":"","meta":{"_acf_changed":false},"product_brand":[],"product_cat":[415,56,59],"product_tag":[60],"class_list":{"0":"post-33431","1":"product","2":"type-product","3":"status-publish","4":"has-post-thumbnail","6":"product_cat-maal","7":"product_cat-olimaal","8":"product_cat-e-pood","9":"product_tag-e-pood","11":"first","12":"instock","13":"shipping-taxable","14":"purchasable","15":"product-type-simple"},"acf":[],"_links":{"self":[{"href":"https:\/\/alleegalerii.ee\/en\/wp-json\/wp\/v2\/product\/33431","targetHints":{"allow":["GET"]}}],"collection":[{"href":"https:\/\/alleegalerii.ee\/en\/wp-json\/wp\/v2\/product"}],"about":[{"href":"https:\/\/alleegalerii.ee\/en\/wp-json\/wp\/v2\/types\/product"}],"wp:featuredmedia":[{"embeddable":true,"href":"https:\/\/alleegalerii.ee\/en\/wp-json\/wp\/v2\/media\/33436"}],"wp:attachment":[{"href":"https:\/\/alleegalerii.ee\/en\/wp-json\/wp\/v2\/media?parent=33431"}],"wp:term":[{"taxonomy":"product_brand","embeddable":true,"href":"https:\/\/alleegalerii.ee\/en\/wp-json\/wp\/v2\/product_brand?post=33431"},{"taxonomy":"product_cat","embeddable":true,"href":"https:\/\/alleegalerii.ee\/en\/wp-json\/wp\/v2\/product_cat?post=33431"},{"taxonomy":"product_tag","embeddable":true,"href":"https:\/\/alleegalerii.ee\/en\/wp-json\/wp\/v2\/product_tag?post=33431"}],"curies":[{"name":"wp","href":"https:\/\/api.w.org\/{rel}","templated":true}]}}