{"id":33402,"date":"2025-05-15T15:25:55","date_gmt":"2025-05-15T12:25:55","guid":{"rendered":"https:\/\/alleegalerii.ee\/?post_type=product&#038;p=33402"},"modified":"2026-01-16T16:12:31","modified_gmt":"2026-01-16T14:12:31","slug":"aleksander-kulkoff-rannamaastik-kundjaga-1930-1940","status":"publish","type":"product","link":"https:\/\/alleegalerii.ee\/en\/shop\/aleksander-kulkoff-rannamaastik-kundjaga-1930-1940\/","title":{"rendered":"Aleksander Kulkoff &#8220;Rannamaastik k\u00fcndjaga&#8221;, 1930-1940"},"content":{"rendered":"","protected":false},"excerpt":{"rendered":"<p>Akvarell paberil. Raamitud.<\/p>\n<p>M\u00f5\u00f5dud: vm 29,2 x 40,2 cm, raamiga 51 x 60 cm.<\/p>\n<p>All paremal: A. Kulkoff<\/p>\n<p>1918. aastal Eestisse elama kolinud Aleksander Kulkoff (1889-1970) oli \u00fcks tunnustatuimaid siinseid vene p\u00e4ritolu kunstnikke. Tema valgusk\u00fcllase ja eristuva stiiliga teosed p\u00e4lvisid tunnustust siinse kunstipubliku seas, sealhulgas president Konstantin P\u00e4tsilt, kes esitas talle tellimuse enda portreeks, mida esimest korda Kadriorus 1938. aastal pidulikult presenteeriti.<\/p>\n<p>1944. aastal emigreerus kunstnik koos eestlannast abikaasaga esialgu Saksamaale, siis Ameerika \u00dchendriikidesse, kuhu j\u00e4i elu l\u00f5puni. Tema meisterlikke t\u00f6id omavad Eesti Kunstimuuseum, Tartu Kunstimuuseum, Tallinna Linnamuuseum ja MT\u00dc Vene Muuseum Eestis.<\/p>\n","protected":false},"featured_media":33418,"template":"","meta":{"_acf_changed":false},"product_brand":[],"product_cat":[415,54,59],"product_tag":[60],"class_list":{"0":"post-33402","1":"product","2":"type-product","3":"status-publish","4":"has-post-thumbnail","6":"product_cat-maal","7":"product_cat-akvarell","8":"product_cat-e-pood","9":"product_tag-e-pood","11":"first","12":"instock","13":"sold-individually","14":"shipping-taxable","15":"purchasable","16":"product-type-simple"},"acf":[],"_links":{"self":[{"href":"https:\/\/alleegalerii.ee\/en\/wp-json\/wp\/v2\/product\/33402","targetHints":{"allow":["GET"]}}],"collection":[{"href":"https:\/\/alleegalerii.ee\/en\/wp-json\/wp\/v2\/product"}],"about":[{"href":"https:\/\/alleegalerii.ee\/en\/wp-json\/wp\/v2\/types\/product"}],"wp:featuredmedia":[{"embeddable":true,"href":"https:\/\/alleegalerii.ee\/en\/wp-json\/wp\/v2\/media\/33418"}],"wp:attachment":[{"href":"https:\/\/alleegalerii.ee\/en\/wp-json\/wp\/v2\/media?parent=33402"}],"wp:term":[{"taxonomy":"product_brand","embeddable":true,"href":"https:\/\/alleegalerii.ee\/en\/wp-json\/wp\/v2\/product_brand?post=33402"},{"taxonomy":"product_cat","embeddable":true,"href":"https:\/\/alleegalerii.ee\/en\/wp-json\/wp\/v2\/product_cat?post=33402"},{"taxonomy":"product_tag","embeddable":true,"href":"https:\/\/alleegalerii.ee\/en\/wp-json\/wp\/v2\/product_tag?post=33402"}],"curies":[{"name":"wp","href":"https:\/\/api.w.org\/{rel}","templated":true}]}}