{"id":33401,"date":"2025-05-15T13:48:06","date_gmt":"2025-05-15T10:48:06","guid":{"rendered":"https:\/\/alleegalerii.ee\/?post_type=product&#038;p=33401"},"modified":"2025-08-22T10:55:56","modified_gmt":"2025-08-22T07:55:56","slug":"boris-ottenberg-kaldajarsak-toolses-1932","status":"publish","type":"product","link":"https:\/\/alleegalerii.ee\/en\/shop\/boris-ottenberg-kaldajarsak-toolses-1932\/","title":{"rendered":"Boris Ottenberg &#8220;Kaldaj\u00e4rsak Toolses&#8221;, 1932"},"content":{"rendered":"","protected":false},"excerpt":{"rendered":"<p>M\u00dc\u00dcDUD.<\/p>\n<p>\u00d5li papil. Raamitud.<\/p>\n<p>M\u00f5\u00f5dud: 14,7 x 19,7 cm, raamiga 24 x 29 cm.<\/p>\n<p>P\u00f6\u00f6rdel: kunstniku autograaf (tindiga): Toolse. 1932 B. Ottenberg N 2.<\/p>\n<p>Saksa perekonnast p\u00e4rit Boris Ottenberg (1891-1946) v\u00f5ttis aktiivselt osa siinsest kunstielust. Tal oli palju eestlastest tuttavaid ja ostjaid, kellele imponeerisid tema tundliku loodusevaatleja natuur ja juugendstiili m\u00f5jutustega teosed.<\/p>\n<p>Ottenberg armastas maalida natuurist ja nii j\u00f5udis ta m\u00f6\u00f6da Eestimaad maalilisi paiku otsides Toilasse, kus peatus tuntud luuletaja Igor Severjanini juures \u2013 oli ju Ida-Virumaa p\u00f5hjarannik traditsiooniliselt armastatud suvituskoht. Sealt polnud kauge maa ka Toolseni, mille j\u00e4rsk kallas on k\u00e4esoleval teosel kunstniku t\u00e4helepanu v\u00f5itnud.<\/p>\n","protected":false},"featured_media":33406,"template":"","meta":{"_acf_changed":false},"product_brand":[],"product_cat":[415,56,57,59],"product_tag":[60],"class_list":{"0":"post-33401","1":"product","2":"type-product","3":"status-publish","4":"has-post-thumbnail","6":"product_cat-maal","7":"product_cat-olimaal","8":"product_cat-muudud","9":"product_cat-e-pood","10":"product_tag-e-pood","12":"first","13":"outofstock","14":"sold-individually","15":"shipping-taxable","16":"purchasable","17":"product-type-simple"},"acf":[],"_links":{"self":[{"href":"https:\/\/alleegalerii.ee\/en\/wp-json\/wp\/v2\/product\/33401","targetHints":{"allow":["GET"]}}],"collection":[{"href":"https:\/\/alleegalerii.ee\/en\/wp-json\/wp\/v2\/product"}],"about":[{"href":"https:\/\/alleegalerii.ee\/en\/wp-json\/wp\/v2\/types\/product"}],"wp:featuredmedia":[{"embeddable":true,"href":"https:\/\/alleegalerii.ee\/en\/wp-json\/wp\/v2\/media\/33406"}],"wp:attachment":[{"href":"https:\/\/alleegalerii.ee\/en\/wp-json\/wp\/v2\/media?parent=33401"}],"wp:term":[{"taxonomy":"product_brand","embeddable":true,"href":"https:\/\/alleegalerii.ee\/en\/wp-json\/wp\/v2\/product_brand?post=33401"},{"taxonomy":"product_cat","embeddable":true,"href":"https:\/\/alleegalerii.ee\/en\/wp-json\/wp\/v2\/product_cat?post=33401"},{"taxonomy":"product_tag","embeddable":true,"href":"https:\/\/alleegalerii.ee\/en\/wp-json\/wp\/v2\/product_tag?post=33401"}],"curies":[{"name":"wp","href":"https:\/\/api.w.org\/{rel}","templated":true}]}}