{"id":33392,"date":"2025-05-13T17:04:26","date_gmt":"2025-05-13T14:04:26","guid":{"rendered":"https:\/\/alleegalerii.ee\/?post_type=product&#038;p=33392"},"modified":"2025-12-05T12:23:36","modified_gmt":"2025-12-05T10:23:36","slug":"voldemar-kangro-pool-annijarv-aegviidu-1930","status":"publish","type":"product","link":"https:\/\/alleegalerii.ee\/en\/shop\/voldemar-kangro-pool-annijarv-aegviidu-1930\/","title":{"rendered":"Voldemar Kangro-Pool \u201c\u00c4nnij\u00e4rv, Aegviidu\u201d, 1930"},"content":{"rendered":"","protected":false},"excerpt":{"rendered":"<p>\u00d5li papil. Raamitud.<\/p>\n<p>M\u00f5\u00f5dud: 35,5 x 50 cm.<\/p>\n<p>All paremal: Vold. KangroPool. 1930<br \/>\nP\u00f6\u00f6rdel: Aegviidu 1930 \u00c4nnij\u00e4rv<\/p>\n<p>Kunstnik Voldemar Kangro-Pool (1889-1943) oli tuntud kirjandus- ja kunstikriitiku Rasmus Kangro-Pooli vend. Ta \u00f5ppis enne Esimest maailmas\u00f5da kunsti Kristjan Raua stuudios, seej\u00e4rel M\u00fcnchenis ja Pariisis.<\/p>\n<p>1910.-1920. aastatel tunti teda peamiselt karakterik\u00fcllaste portreede ja s\u00fcmbolistlike, erootilisi ja apokal\u00fcptilisi teemasid k\u00e4sitlevate joonistuste poolest. End 1930ndatel, mil kunsti \u00fcldine areng liikus traditsioonilisema poole, p\u00f6\u00f6rdus sinna ka Kangro-Pool. \u201cHelesinise j\u00e4rve \u00e4\u00e4res\u201d presenteerib kunstniku \u00fcht v\u00f5luvaimat k\u00fclge maastikumaalis \u2013 vee erilist kumavust. V\u00e4ga sageli maalib ta selle \u00fchte tooni taevaga ja nii ka siin, kus nende kahe vahele t\u00f5mbab selge joone vaid teisel pool j\u00e4rve paistev metsaviirg.<\/p>\n<p>&nbsp;<\/p>\n","protected":false},"featured_media":32824,"template":"","meta":{"_acf_changed":false},"product_brand":[],"product_cat":[415,56,59],"product_tag":[60],"class_list":{"0":"post-33392","1":"product","2":"type-product","3":"status-publish","4":"has-post-thumbnail","6":"product_cat-maal","7":"product_cat-olimaal","8":"product_cat-e-pood","9":"product_tag-e-pood","11":"first","12":"instock","13":"sold-individually","14":"shipping-taxable","15":"purchasable","16":"product-type-simple"},"acf":[],"_links":{"self":[{"href":"https:\/\/alleegalerii.ee\/en\/wp-json\/wp\/v2\/product\/33392","targetHints":{"allow":["GET"]}}],"collection":[{"href":"https:\/\/alleegalerii.ee\/en\/wp-json\/wp\/v2\/product"}],"about":[{"href":"https:\/\/alleegalerii.ee\/en\/wp-json\/wp\/v2\/types\/product"}],"wp:featuredmedia":[{"embeddable":true,"href":"https:\/\/alleegalerii.ee\/en\/wp-json\/wp\/v2\/media\/32824"}],"wp:attachment":[{"href":"https:\/\/alleegalerii.ee\/en\/wp-json\/wp\/v2\/media?parent=33392"}],"wp:term":[{"taxonomy":"product_brand","embeddable":true,"href":"https:\/\/alleegalerii.ee\/en\/wp-json\/wp\/v2\/product_brand?post=33392"},{"taxonomy":"product_cat","embeddable":true,"href":"https:\/\/alleegalerii.ee\/en\/wp-json\/wp\/v2\/product_cat?post=33392"},{"taxonomy":"product_tag","embeddable":true,"href":"https:\/\/alleegalerii.ee\/en\/wp-json\/wp\/v2\/product_tag?post=33392"}],"curies":[{"name":"wp","href":"https:\/\/api.w.org\/{rel}","templated":true}]}}