{"id":3332,"date":"2021-08-16T21:01:39","date_gmt":"2021-08-16T18:01:39","guid":{"rendered":"https:\/\/alleegalerii.ee\/?post_type=product&#038;p=3332"},"modified":"2024-01-27T13:26:28","modified_gmt":"2024-01-27T11:26:28","slug":"paul-burman-paiksekullas-metsaviir","status":"publish","type":"product","link":"https:\/\/alleegalerii.ee\/en\/shop\/paul-burman-paiksekullas-metsaviir\/","title":{"rendered":"Paul Burman &#8220;P\u00e4iksekullas metsaviir&#8221;, u. 1920ndad."},"content":{"rendered":"","protected":false},"excerpt":{"rendered":"<p>M\u00dc\u00dcDUD<\/p>\n<p>Akvarell, raamitud.<\/p>\n<p>M\u00f5\u00f5dud: 23,5 x 30 cm (koos raamiga 45,2 x 50,8 cm).<\/p>\n<p>Paul Burman (1888 \u2013 1934) alustas oma kunstnikuteed Ants Laikmaa ateljeekoolis ning j\u00e4tkas enda t\u00e4iendamist nii Peterburis, Moskvas, Riias kui Pariisis. Viimases suhtles Burman aktiivselt nii Nikolai Triigi kui Jaan Koortiga ning kujundas v\u00e4lja enda stiili, milleks oli impressionistlik, vaheldusrikaste, peamiselt heleda koloriidiga linna-, lille- ja maastikupildid.\u00a01918 sattus Burman Seewaldi haiglasse, kuhu j\u00e4i elu l\u00f5puni. Ka seal j\u00e4tkas andekas kunstnik aktiivselt loominguga tegelemist ning eriti armastas ta sel ajal teha plokilehtedele maalitud akvarelle. Oma lakoonilisuses olid nad loomisajal moodsad ning k\u00f6idavad oma vahetu loodusetunnetuse ja t\u00e4pse pintslit\u00f6\u00f6ga kunstiarmastajaid siiani.<\/p>\n","protected":false},"featured_media":3334,"template":"","meta":{"_acf_changed":false},"product_brand":[],"product_cat":[415,54,57,59],"product_tag":[60],"class_list":{"0":"post-3332","1":"product","2":"type-product","3":"status-publish","4":"has-post-thumbnail","6":"product_cat-maal","7":"product_cat-akvarell","8":"product_cat-muudud","9":"product_cat-e-pood","10":"product_tag-e-pood","12":"first","13":"outofstock","14":"sold-individually","15":"shipping-taxable","16":"product-type-simple"},"acf":[],"_links":{"self":[{"href":"https:\/\/alleegalerii.ee\/en\/wp-json\/wp\/v2\/product\/3332","targetHints":{"allow":["GET"]}}],"collection":[{"href":"https:\/\/alleegalerii.ee\/en\/wp-json\/wp\/v2\/product"}],"about":[{"href":"https:\/\/alleegalerii.ee\/en\/wp-json\/wp\/v2\/types\/product"}],"wp:featuredmedia":[{"embeddable":true,"href":"https:\/\/alleegalerii.ee\/en\/wp-json\/wp\/v2\/media\/3334"}],"wp:attachment":[{"href":"https:\/\/alleegalerii.ee\/en\/wp-json\/wp\/v2\/media?parent=3332"}],"wp:term":[{"taxonomy":"product_brand","embeddable":true,"href":"https:\/\/alleegalerii.ee\/en\/wp-json\/wp\/v2\/product_brand?post=3332"},{"taxonomy":"product_cat","embeddable":true,"href":"https:\/\/alleegalerii.ee\/en\/wp-json\/wp\/v2\/product_cat?post=3332"},{"taxonomy":"product_tag","embeddable":true,"href":"https:\/\/alleegalerii.ee\/en\/wp-json\/wp\/v2\/product_tag?post=3332"}],"curies":[{"name":"wp","href":"https:\/\/api.w.org\/{rel}","templated":true}]}}