{"id":33308,"date":"2025-04-26T13:09:52","date_gmt":"2025-04-26T10:09:52","guid":{"rendered":"https:\/\/alleegalerii.ee\/?post_type=product&#038;p=33308"},"modified":"2025-12-30T10:52:53","modified_gmt":"2025-12-30T08:52:53","slug":"eduard-wiiralt-majakavaht-1920","status":"publish","type":"product","link":"https:\/\/alleegalerii.ee\/en\/shop\/eduard-wiiralt-majakavaht-1920\/","title":{"rendered":"Eduard Wiiralt &#8220;Majakavaht&#8221;, 1920"},"content":{"rendered":"","protected":false},"excerpt":{"rendered":"<p>Linooll\u00f5ige paberil. Raamitud.<\/p>\n<p>M\u00f5\u00f5dud: ava 25 x 23 cm, raamiga 46,5 x 44,5 cm.<\/p>\n<p>Plaadil all paremal: WIIRALT MCMXX<\/p>\n<p>Eesti esigraafik Eduard Wiiralt l\u00f5petas kunstikooli Pallas 1924. aastal graafiku ja kujurina. Andeka \u00f5pilasena j\u00e4tkas ta samas koolis graafika \u00f5petamisega. Peale seda suundus Wiiralt kunstikeskusesse Pariisi, mille inspireeriv keskkond oli tema koduks tervelt 14 aastat. 1939. aasta septembris naases kunstnik Eestisse.<\/p>\n<p>Teos p\u00e4rineb linooll\u00f5igete mapist \u201cEduard Wiiralt MCMXX\u201d.<\/p>\n","protected":false},"featured_media":33315,"template":"","meta":{"_acf_changed":false},"product_brand":[],"product_cat":[61,59],"product_tag":[60],"class_list":{"0":"post-33308","1":"product","2":"type-product","3":"status-publish","4":"has-post-thumbnail","6":"product_cat-graafika","7":"product_cat-e-pood","8":"product_tag-e-pood","10":"first","11":"outofstock","12":"sold-individually","13":"shipping-taxable","14":"purchasable","15":"product-type-simple"},"acf":[],"_links":{"self":[{"href":"https:\/\/alleegalerii.ee\/en\/wp-json\/wp\/v2\/product\/33308","targetHints":{"allow":["GET"]}}],"collection":[{"href":"https:\/\/alleegalerii.ee\/en\/wp-json\/wp\/v2\/product"}],"about":[{"href":"https:\/\/alleegalerii.ee\/en\/wp-json\/wp\/v2\/types\/product"}],"wp:featuredmedia":[{"embeddable":true,"href":"https:\/\/alleegalerii.ee\/en\/wp-json\/wp\/v2\/media\/33315"}],"wp:attachment":[{"href":"https:\/\/alleegalerii.ee\/en\/wp-json\/wp\/v2\/media?parent=33308"}],"wp:term":[{"taxonomy":"product_brand","embeddable":true,"href":"https:\/\/alleegalerii.ee\/en\/wp-json\/wp\/v2\/product_brand?post=33308"},{"taxonomy":"product_cat","embeddable":true,"href":"https:\/\/alleegalerii.ee\/en\/wp-json\/wp\/v2\/product_cat?post=33308"},{"taxonomy":"product_tag","embeddable":true,"href":"https:\/\/alleegalerii.ee\/en\/wp-json\/wp\/v2\/product_tag?post=33308"}],"curies":[{"name":"wp","href":"https:\/\/api.w.org\/{rel}","templated":true}]}}