{"id":33267,"date":"2025-04-22T16:33:58","date_gmt":"2025-04-22T13:33:58","guid":{"rendered":"https:\/\/alleegalerii.ee\/?post_type=product&#038;p=33267"},"modified":"2025-04-26T13:41:23","modified_gmt":"2025-04-26T10:41:23","slug":"egor-madiberg-sugispaev-maal","status":"publish","type":"product","link":"https:\/\/alleegalerii.ee\/en\/shop\/egor-madiberg-sugispaev-maal\/","title":{"rendered":"Egor Madiberg &#8220;S\u00fcgisp\u00e4ev maal&#8221;"},"content":{"rendered":"","protected":false},"excerpt":{"rendered":"<p>\u00d5li vineeril. Raamitud.<\/p>\n<p>M\u00f5\u00f5dud 40,5 x 50 cm. Raamiga 54 x 63,5 cm.<\/p>\n<p>All paremal: E. Madiberg<\/p>\n<p>Rakverest p\u00e4rit Egor Madiberg (1910-1983) armastas oma peamise \u00f5petaja Richard Sagritsa eeskujul maalida merd ja selle\u00e4\u00e4rseid talukomplekse. Temalt p\u00e4rines ka Madibergi armastus sooja pruuni vastu, millesse segas ergastavaid punakaid ja rohelisi toone. K\u00e4esolev teos on romantiline vaade s\u00fcgisv\u00e4rvides Eestimaa talu\u00f5uele ning seda \u00fcmbritsevale loodusele.<\/p>\n","protected":false},"featured_media":33320,"template":"","meta":{"_acf_changed":false},"product_brand":[],"product_cat":[415,56,59],"product_tag":[60],"class_list":{"0":"post-33267","1":"product","2":"type-product","3":"status-publish","4":"has-post-thumbnail","6":"product_cat-maal","7":"product_cat-olimaal","8":"product_cat-e-pood","9":"product_tag-e-pood","11":"first","12":"instock","13":"sold-individually","14":"shipping-taxable","15":"purchasable","16":"product-type-simple"},"acf":[],"_links":{"self":[{"href":"https:\/\/alleegalerii.ee\/en\/wp-json\/wp\/v2\/product\/33267","targetHints":{"allow":["GET"]}}],"collection":[{"href":"https:\/\/alleegalerii.ee\/en\/wp-json\/wp\/v2\/product"}],"about":[{"href":"https:\/\/alleegalerii.ee\/en\/wp-json\/wp\/v2\/types\/product"}],"wp:featuredmedia":[{"embeddable":true,"href":"https:\/\/alleegalerii.ee\/en\/wp-json\/wp\/v2\/media\/33320"}],"wp:attachment":[{"href":"https:\/\/alleegalerii.ee\/en\/wp-json\/wp\/v2\/media?parent=33267"}],"wp:term":[{"taxonomy":"product_brand","embeddable":true,"href":"https:\/\/alleegalerii.ee\/en\/wp-json\/wp\/v2\/product_brand?post=33267"},{"taxonomy":"product_cat","embeddable":true,"href":"https:\/\/alleegalerii.ee\/en\/wp-json\/wp\/v2\/product_cat?post=33267"},{"taxonomy":"product_tag","embeddable":true,"href":"https:\/\/alleegalerii.ee\/en\/wp-json\/wp\/v2\/product_tag?post=33267"}],"curies":[{"name":"wp","href":"https:\/\/api.w.org\/{rel}","templated":true}]}}