{"id":3326,"date":"2021-08-12T20:44:24","date_gmt":"2021-08-12T17:44:24","guid":{"rendered":"https:\/\/alleegalerii.ee\/?post_type=product&#038;p=3326"},"modified":"2024-01-27T13:31:49","modified_gmt":"2024-01-27T11:31:49","slug":"johannes-uiga-akt-lillelise-ratiga-1989","status":"publish","type":"product","link":"https:\/\/alleegalerii.ee\/en\/shop\/johannes-uiga-akt-lillelise-ratiga-1989\/","title":{"rendered":"Johannes Uiga &#8220;Akt lillelise r\u00e4tiga&#8221;, 1989"},"content":{"rendered":"","protected":false},"excerpt":{"rendered":"<p>M\u00dc\u00dcDUD<\/p>\n<p>\u00d5li l\u00f5uendil, raamimata. Signatuur all paremal.<\/p>\n<p>M\u00f5\u00f5dud: 70 x 50 cm.<\/p>\n<p>Tartus s\u00fcndinud Johannes Uiga (1918-1998) oli eelk\u00f5ige tuntud oma maastikumaalide, vaikelude ja aktide poolest. Uiga loomingule avaldas suurt m\u00f5ju tema \u00f5petaja Aleksander Vardi, kelle maaliateljees ta oma 1930ndate teisel poolel \u00f5ppis. 1988. aasta tunnustati kunsti\u00fchingu \u201cPallas\u201d auliiget Uigat Konrad M\u00e4e medaliga.<\/p>\n","protected":false},"featured_media":3327,"template":"","meta":{"_acf_changed":false},"product_brand":[],"product_cat":[415,56,57,59],"product_tag":[60],"class_list":{"0":"post-3326","1":"product","2":"type-product","3":"status-publish","4":"has-post-thumbnail","6":"product_cat-maal","7":"product_cat-olimaal","8":"product_cat-muudud","9":"product_cat-e-pood","10":"product_tag-e-pood","12":"first","13":"outofstock","14":"sold-individually","15":"shipping-taxable","16":"product-type-simple"},"acf":[],"_links":{"self":[{"href":"https:\/\/alleegalerii.ee\/en\/wp-json\/wp\/v2\/product\/3326","targetHints":{"allow":["GET"]}}],"collection":[{"href":"https:\/\/alleegalerii.ee\/en\/wp-json\/wp\/v2\/product"}],"about":[{"href":"https:\/\/alleegalerii.ee\/en\/wp-json\/wp\/v2\/types\/product"}],"wp:featuredmedia":[{"embeddable":true,"href":"https:\/\/alleegalerii.ee\/en\/wp-json\/wp\/v2\/media\/3327"}],"wp:attachment":[{"href":"https:\/\/alleegalerii.ee\/en\/wp-json\/wp\/v2\/media?parent=3326"}],"wp:term":[{"taxonomy":"product_brand","embeddable":true,"href":"https:\/\/alleegalerii.ee\/en\/wp-json\/wp\/v2\/product_brand?post=3326"},{"taxonomy":"product_cat","embeddable":true,"href":"https:\/\/alleegalerii.ee\/en\/wp-json\/wp\/v2\/product_cat?post=3326"},{"taxonomy":"product_tag","embeddable":true,"href":"https:\/\/alleegalerii.ee\/en\/wp-json\/wp\/v2\/product_tag?post=3326"}],"curies":[{"name":"wp","href":"https:\/\/api.w.org\/{rel}","templated":true}]}}