{"id":33247,"date":"2025-04-19T17:28:18","date_gmt":"2025-04-19T14:28:18","guid":{"rendered":"https:\/\/alleegalerii.ee\/?post_type=product&#038;p=33247"},"modified":"2025-04-19T17:30:18","modified_gmt":"2025-04-19T14:30:18","slug":"malle-leis-lilled-xciii-1985","status":"publish","type":"product","link":"https:\/\/alleegalerii.ee\/en\/shop\/malle-leis-lilled-xciii-1985\/","title":{"rendered":"Malle Leis &#8220;Lilled XCIII&#8221;, 1985"},"content":{"rendered":"","protected":false},"excerpt":{"rendered":"<p>Serigraafia paberil. Raamitud.<\/p>\n<p>M\u00f5\u00f5dud: plm 29,5 x 29,5 cm, raamiga 58 x 56 cm.<\/p>\n<p>All vasakul: Lilled XCIII serigraafia 37\/40<br \/>\nAll paremal: M. Leis 1985.a.<\/p>\n<p>Serigraafiasarja \u201cLilled\u201d alustas Malle Leis (1940 \u2013 2017) 1971. aastal. Sellesse kuuluvad t\u00f6\u00f6d varieerusid nii formaadilt, kompositsioonilt, koloriidilt, kui kujutatavalt objektilt ning botaanikas\u00f5brana leidis Leis igale taimeliigile just talle sobiva efektse lahenduse.<\/p>\n","protected":false},"featured_media":33252,"template":"","meta":{"_acf_changed":false},"product_brand":[],"product_cat":[61,59],"product_tag":[60],"class_list":{"0":"post-33247","1":"product","2":"type-product","3":"status-publish","4":"has-post-thumbnail","6":"product_cat-graafika","7":"product_cat-e-pood","8":"product_tag-e-pood","10":"first","11":"instock","12":"sold-individually","13":"shipping-taxable","14":"purchasable","15":"product-type-simple"},"acf":[],"_links":{"self":[{"href":"https:\/\/alleegalerii.ee\/en\/wp-json\/wp\/v2\/product\/33247","targetHints":{"allow":["GET"]}}],"collection":[{"href":"https:\/\/alleegalerii.ee\/en\/wp-json\/wp\/v2\/product"}],"about":[{"href":"https:\/\/alleegalerii.ee\/en\/wp-json\/wp\/v2\/types\/product"}],"wp:featuredmedia":[{"embeddable":true,"href":"https:\/\/alleegalerii.ee\/en\/wp-json\/wp\/v2\/media\/33252"}],"wp:attachment":[{"href":"https:\/\/alleegalerii.ee\/en\/wp-json\/wp\/v2\/media?parent=33247"}],"wp:term":[{"taxonomy":"product_brand","embeddable":true,"href":"https:\/\/alleegalerii.ee\/en\/wp-json\/wp\/v2\/product_brand?post=33247"},{"taxonomy":"product_cat","embeddable":true,"href":"https:\/\/alleegalerii.ee\/en\/wp-json\/wp\/v2\/product_cat?post=33247"},{"taxonomy":"product_tag","embeddable":true,"href":"https:\/\/alleegalerii.ee\/en\/wp-json\/wp\/v2\/product_tag?post=33247"}],"curies":[{"name":"wp","href":"https:\/\/api.w.org\/{rel}","templated":true}]}}