{"id":3292,"date":"2021-07-25T15:15:35","date_gmt":"2021-07-25T12:15:35","guid":{"rendered":"https:\/\/alleegalerii.ee\/?post_type=product&#038;p=3292"},"modified":"2023-11-14T22:07:21","modified_gmt":"2023-11-14T20:07:21","slug":"saskia-kasemaa-ennustaja-1993","status":"publish","type":"product","link":"https:\/\/alleegalerii.ee\/en\/shop\/saskia-kasemaa-ennustaja-1993\/","title":{"rendered":"Saskia Kasemaa \u201cEnnustaja\u201d, 1993"},"content":{"rendered":"","protected":false},"excerpt":{"rendered":"<div class=\"wpb_wrapper is_stuck\">\n<div class=\"wpb_text_column wpb_content_element\">\n<div class=\"wpb_wrapper\">\n<p>Gua\u0161\u0161, paber. 1993. \u00dclal paremal: S. Kasemaa. Raamitud.<\/p>\n<p>M\u00f5\u00f5dud 34 x 44 cm<\/p>\n<p>Muusika ja kunsti keskel \u00fcles kasvanud Saskia Kasemaa (1945-2019) suutis maalijana ajada oma joont, olgu \u00f5limaalis v\u00f5i gua\u0161is. 1971. aastal Eesti NSV Riikliku Kunstiakadeemia maalikunstnikuna l\u00f5petanud Kasemaa t\u00f6\u00f6tas aastaid Tartu Kunstikooli ning Tartu \u00dclikooli maaliosakonna \u00f5ppej\u00f5una.<\/p>\n<p>Aktiivselt n\u00e4itustel osalenud kunstniku t\u00f6\u00f6dest kogusid enim tuntust tema impressionistliku pintslik\u00e4sitlusega figuraalkompositsioonid, mille keskmes v\u00f5is tihti n\u00e4ha just noori, kes teda inspireerisid oma energia ning aususega. Ka Kasemaa isa Elmar Kits soovitas t\u00fctrel kooli l\u00f5petades enda isikup\u00e4rase stiili kinnistamiseks just ausalt ning t\u00e4helepanelikult oma loominguobjekte vaadelda. Saskia Kasemaa improvisatsioonid on maalilised, v\u00e4rvikesksed ja k\u00e4tkevad v\u00e4ikseid, m\u00f5nigi kord vimkaga lugusid, nagu \u201cEnnustajagi\u201d.<\/p>\n<\/div>\n<\/div>\n<\/div>\n","protected":false},"featured_media":3033,"template":"","meta":{"_acf_changed":false},"product_brand":[],"product_cat":[415,59,69],"product_tag":[60],"class_list":{"0":"post-3292","1":"product","2":"type-product","3":"status-publish","4":"has-post-thumbnail","6":"product_cat-maal","7":"product_cat-e-pood","8":"product_cat-guass","9":"product_tag-e-pood","11":"first","12":"instock","13":"sold-individually","14":"shipping-taxable","15":"purchasable","16":"product-type-simple"},"acf":[],"_links":{"self":[{"href":"https:\/\/alleegalerii.ee\/en\/wp-json\/wp\/v2\/product\/3292","targetHints":{"allow":["GET"]}}],"collection":[{"href":"https:\/\/alleegalerii.ee\/en\/wp-json\/wp\/v2\/product"}],"about":[{"href":"https:\/\/alleegalerii.ee\/en\/wp-json\/wp\/v2\/types\/product"}],"wp:featuredmedia":[{"embeddable":true,"href":"https:\/\/alleegalerii.ee\/en\/wp-json\/wp\/v2\/media\/3033"}],"wp:attachment":[{"href":"https:\/\/alleegalerii.ee\/en\/wp-json\/wp\/v2\/media?parent=3292"}],"wp:term":[{"taxonomy":"product_brand","embeddable":true,"href":"https:\/\/alleegalerii.ee\/en\/wp-json\/wp\/v2\/product_brand?post=3292"},{"taxonomy":"product_cat","embeddable":true,"href":"https:\/\/alleegalerii.ee\/en\/wp-json\/wp\/v2\/product_cat?post=3292"},{"taxonomy":"product_tag","embeddable":true,"href":"https:\/\/alleegalerii.ee\/en\/wp-json\/wp\/v2\/product_tag?post=3292"}],"curies":[{"name":"wp","href":"https:\/\/api.w.org\/{rel}","templated":true}]}}