{"id":3291,"date":"2021-07-25T15:09:54","date_gmt":"2021-07-25T12:09:54","guid":{"rendered":"https:\/\/alleegalerii.ee\/?post_type=product&#038;p=3291"},"modified":"2024-01-27T13:24:57","modified_gmt":"2024-01-27T11:24:57","slug":"ado-vabbe-naisakt-maoga-1950ndad","status":"publish","type":"product","link":"https:\/\/alleegalerii.ee\/en\/shop\/ado-vabbe-naisakt-maoga-1950ndad\/","title":{"rendered":"Ado Vabbe \u201cNaisakt maoga\u201d, 1950ndad"},"content":{"rendered":"","protected":false},"excerpt":{"rendered":"<div class=\"wpb_wrapper is_stuck\">\n<p>M\u00dc\u00dcDUD<\/p>\n<p class=\"vc_custom_heading\">S\u00fcsi, paber. 1950ndad. Raamitud.<br \/>\nT\u00f6\u00f6 tagak\u00fcljel all pliiatsiga Tartu Kunstimuuseumi deposiidikogu number: TKM aj 76\/49 &#8211; 1961.<br \/>\nM\u00f5\u00f5dud 46 x 30 cm<\/p>\n<div class=\"wpb_text_column wpb_content_element\">\n<div class=\"wpb_wrapper\">\n<p>Eesti kunsti \u00fche suurkuju ja Pallase asutajaliikme, Ado Vabbe (1892-1961) k\u00e4e all on kujunenud terve plejaad andekaid kunstnikke: Karl P\u00e4rsim\u00e4gi, Endel K\u00f5ks, Elmar Kits jpt. End erinevates Euroopa kunsti s\u00fcdametes koolitanud Vabbe t\u00f5i kodumaale kaasa uusi tehnikaid, ideid ja suundi.<\/p>\n<p>Vabbel on palju v\u00e4ikevisandeid naistest k\u00f5ikv\u00f5imalikes olukordades, ent 1950. aastatest p\u00e4rineb rohkem ka suuremaid figuuriet\u00fc\u00fcde. Tiiu Talvistu t\u00f5stis 2020. aastal ilmunud monograafias p\u00f5hjendatult esile erootilise teema tema loomingus, mille alla mahuks ka k\u00e4esolev, varem kunstniku pojale, Paul Vabbele, kuulunud joonistus. Enamus tema naisakte on kujutatud lopsakate vormidega, mille maaliliselt annab eriti h\u00e4sti v\u00e4lja tuua just s\u00f6e hele-tumedusega m\u00e4ngimine.<\/p>\n<\/div>\n<\/div>\n<\/div>\n","protected":false},"featured_media":3076,"template":"","meta":{"_acf_changed":false},"product_brand":[],"product_cat":[62,57,59],"product_tag":[60],"class_list":{"0":"post-3291","1":"product","2":"type-product","3":"status-publish","4":"has-post-thumbnail","6":"product_cat-joonistus","7":"product_cat-muudud","8":"product_cat-e-pood","9":"product_tag-e-pood","11":"first","12":"outofstock","13":"sold-individually","14":"shipping-taxable","15":"product-type-simple"},"acf":[],"_links":{"self":[{"href":"https:\/\/alleegalerii.ee\/en\/wp-json\/wp\/v2\/product\/3291","targetHints":{"allow":["GET"]}}],"collection":[{"href":"https:\/\/alleegalerii.ee\/en\/wp-json\/wp\/v2\/product"}],"about":[{"href":"https:\/\/alleegalerii.ee\/en\/wp-json\/wp\/v2\/types\/product"}],"wp:featuredmedia":[{"embeddable":true,"href":"https:\/\/alleegalerii.ee\/en\/wp-json\/wp\/v2\/media\/3076"}],"wp:attachment":[{"href":"https:\/\/alleegalerii.ee\/en\/wp-json\/wp\/v2\/media?parent=3291"}],"wp:term":[{"taxonomy":"product_brand","embeddable":true,"href":"https:\/\/alleegalerii.ee\/en\/wp-json\/wp\/v2\/product_brand?post=3291"},{"taxonomy":"product_cat","embeddable":true,"href":"https:\/\/alleegalerii.ee\/en\/wp-json\/wp\/v2\/product_cat?post=3291"},{"taxonomy":"product_tag","embeddable":true,"href":"https:\/\/alleegalerii.ee\/en\/wp-json\/wp\/v2\/product_tag?post=3291"}],"curies":[{"name":"wp","href":"https:\/\/api.w.org\/{rel}","templated":true}]}}