{"id":3288,"date":"2021-07-25T14:59:49","date_gmt":"2021-07-25T11:59:49","guid":{"rendered":"https:\/\/alleegalerii.ee\/?post_type=product&#038;p=3288"},"modified":"2023-11-14T22:07:30","modified_gmt":"2023-11-14T20:07:30","slug":"raimo-saare-punapaine-modell-1960","status":"publish","type":"product","link":"https:\/\/alleegalerii.ee\/en\/shop\/raimo-saare-punapaine-modell-1960\/","title":{"rendered":"Raimo Saare \u201cPunap\u00e4ine modell\u201d, 1960"},"content":{"rendered":"","protected":false},"excerpt":{"rendered":"<div class=\"wpb_wrapper is_stuck\">\n<p class=\"vc_custom_heading\">\u00d5li l\u00f5uendil. 1960. All paremal: Raimo Saare 1960. Raamitud.<\/p>\n<p>M\u00f5\u00f5dud 96,5 x 67,6 cm<\/p>\n<div class=\"wpb_text_column wpb_content_element\">\n<div class=\"wpb_wrapper\">\n<p>Raimo Saare (1923-1995) \u00f5ppis nii Tartu Riiklikus Kunstiinstituudis kui Eesti Riiklikus Kunstiinsituudis, mille Saare l\u00f5petas 1953. aastal maalijana. Aastaid Tartu Kunstikooli \u00f5ppej\u00f5una tuntud kunstnik on lisaks aktidele loonud nii linna- kui loodusvaateid ning figuraalkompositsioone.<\/p>\n<p>K\u00e4esoleva teose peategelane, punap\u00e4ine modell on kujutatud spontaanselt ja kiiresti nagu krokiitunnis. Tulemuseks on v\u00f5luv ja v\u00e4rske maal, mille pikad pintslit\u00f5mbed lisavad teosele hoogsust ning elu.<\/p>\n<\/div>\n<\/div>\n<\/div>\n","protected":false},"featured_media":3071,"template":"","meta":{"_acf_changed":false},"product_brand":[],"product_cat":[415,56,59],"product_tag":[60],"class_list":{"0":"post-3288","1":"product","2":"type-product","3":"status-publish","4":"has-post-thumbnail","6":"product_cat-maal","7":"product_cat-olimaal","8":"product_cat-e-pood","9":"product_tag-e-pood","11":"first","12":"outofstock","13":"sold-individually","14":"shipping-taxable","15":"product-type-simple"},"acf":[],"_links":{"self":[{"href":"https:\/\/alleegalerii.ee\/en\/wp-json\/wp\/v2\/product\/3288","targetHints":{"allow":["GET"]}}],"collection":[{"href":"https:\/\/alleegalerii.ee\/en\/wp-json\/wp\/v2\/product"}],"about":[{"href":"https:\/\/alleegalerii.ee\/en\/wp-json\/wp\/v2\/types\/product"}],"wp:featuredmedia":[{"embeddable":true,"href":"https:\/\/alleegalerii.ee\/en\/wp-json\/wp\/v2\/media\/3071"}],"wp:attachment":[{"href":"https:\/\/alleegalerii.ee\/en\/wp-json\/wp\/v2\/media?parent=3288"}],"wp:term":[{"taxonomy":"product_brand","embeddable":true,"href":"https:\/\/alleegalerii.ee\/en\/wp-json\/wp\/v2\/product_brand?post=3288"},{"taxonomy":"product_cat","embeddable":true,"href":"https:\/\/alleegalerii.ee\/en\/wp-json\/wp\/v2\/product_cat?post=3288"},{"taxonomy":"product_tag","embeddable":true,"href":"https:\/\/alleegalerii.ee\/en\/wp-json\/wp\/v2\/product_tag?post=3288"}],"curies":[{"name":"wp","href":"https:\/\/api.w.org\/{rel}","templated":true}]}}