{"id":3287,"date":"2021-07-25T14:55:44","date_gmt":"2021-07-25T11:55:44","guid":{"rendered":"https:\/\/alleegalerii.ee\/?post_type=product&#038;p=3287"},"modified":"2024-01-27T13:35:34","modified_gmt":"2024-01-27T11:35:34","slug":"aleksander-remmel-akt-kulgvaates-1949","status":"publish","type":"product","link":"https:\/\/alleegalerii.ee\/en\/shop\/aleksander-remmel-akt-kulgvaates-1949\/","title":{"rendered":"Aleksander Remmel \u201cAkt k\u00fclgvaates\u201d, 1949"},"content":{"rendered":"","protected":false},"excerpt":{"rendered":"<div class=\"wpb_wrapper is_stuck\">\n<p>M\u00dc\u00dcDUD<\/p>\n<p class=\"vc_custom_heading\">\u00d5li, kartong. 1949. All paremal: Remmel 49. Raamitud.<\/p>\n<\/div>\n<div class=\"wpb_wrapper is_stuck\">\n<p>M\u00f5\u00f5dud 91,5 x 64,5 cm<\/p>\n<div class=\"wpb_text_column wpb_content_element\">\n<div class=\"wpb_wrapper\">\n<p>Aleksander Remmel (1898-1982) l\u00f5petas 1917 Rakvere \u00d5petajate Seminari ning \u00f5ppis kunstikoolis Pallas 1920-1923, mille l\u00f5petas joonistus\u00f5petaja kutsega. 12 aastat hiljem astus Remmel uuesti Pallasesse maali erialale, mille omakorda l\u00f5petas 1937 Ado Vabbe k\u00e4e all.<\/p>\n<p>1951-1962 oli Remmel Tartu Kunstikooli direktor, peale mida suundus 15 aastaks ENSV Haridusministeeriumi kunstikasvatuse komisjoni esimehe ametikohale. Remmel oli ka paljude kunsti\u00f5pikute ja \u00fcldhariduskoolide kunsti\u00f5petuse programmide koostaja. Tema kirglik armastus maalimise vastu kestis kogu elu.<\/p>\n<p>Aleksander Remmel oli klassikalise pallasliku koolkonna esindaja. K\u00e4esolev maal \u201cAkt k\u00fclgvaates\u201d aastast 1949 on maalitud vaatamata karmile ajale eht pallaslikus stiilis ja koloriidis.<\/p>\n<\/div>\n<\/div>\n<\/div>\n","protected":false},"featured_media":3079,"template":"","meta":{"_acf_changed":false},"product_brand":[],"product_cat":[415,56,57,59],"product_tag":[60],"class_list":{"0":"post-3287","1":"product","2":"type-product","3":"status-publish","4":"has-post-thumbnail","6":"product_cat-maal","7":"product_cat-olimaal","8":"product_cat-muudud","9":"product_cat-e-pood","10":"product_tag-e-pood","12":"first","13":"outofstock","14":"sold-individually","15":"shipping-taxable","16":"product-type-simple"},"acf":[],"_links":{"self":[{"href":"https:\/\/alleegalerii.ee\/en\/wp-json\/wp\/v2\/product\/3287","targetHints":{"allow":["GET"]}}],"collection":[{"href":"https:\/\/alleegalerii.ee\/en\/wp-json\/wp\/v2\/product"}],"about":[{"href":"https:\/\/alleegalerii.ee\/en\/wp-json\/wp\/v2\/types\/product"}],"wp:featuredmedia":[{"embeddable":true,"href":"https:\/\/alleegalerii.ee\/en\/wp-json\/wp\/v2\/media\/3079"}],"wp:attachment":[{"href":"https:\/\/alleegalerii.ee\/en\/wp-json\/wp\/v2\/media?parent=3287"}],"wp:term":[{"taxonomy":"product_brand","embeddable":true,"href":"https:\/\/alleegalerii.ee\/en\/wp-json\/wp\/v2\/product_brand?post=3287"},{"taxonomy":"product_cat","embeddable":true,"href":"https:\/\/alleegalerii.ee\/en\/wp-json\/wp\/v2\/product_cat?post=3287"},{"taxonomy":"product_tag","embeddable":true,"href":"https:\/\/alleegalerii.ee\/en\/wp-json\/wp\/v2\/product_tag?post=3287"}],"curies":[{"name":"wp","href":"https:\/\/api.w.org\/{rel}","templated":true}]}}