{"id":3281,"date":"2021-07-22T11:39:43","date_gmt":"2021-07-22T08:39:43","guid":{"rendered":"https:\/\/alleegalerii.ee\/?post_type=product&#038;p=3281"},"modified":"2023-11-14T22:07:22","modified_gmt":"2023-11-14T20:07:22","slug":"uno-roosvalt-modell-bibi-1961","status":"publish","type":"product","link":"https:\/\/alleegalerii.ee\/en\/shop\/uno-roosvalt-modell-bibi-1961\/","title":{"rendered":"Uno Roosvalt &#8220;Modell (Bibi)&#8221;, 1961."},"content":{"rendered":"","protected":false},"excerpt":{"rendered":"<p>\u00d5li, l\u00f5uend. Raamitud.\u00a0M\u00f5\u00f5dud: 100 x 80 cm.<\/p>\n<p>Tallinnas s\u00fcndinud Uno Roosvalt (1941) on eesti \u00fcks enim auhinnatud kunstnikke. Muuhulgas on ta saanud nii Konrad M\u00e4e medali, Kristjan Raua preemia kui olnud Eerik Haameri nimelise kunsti auhinna laureaat. Roosvalt on l\u00f5petanud Eesti NSV Riikliku Kunstiinstituudi maali eriala Ilmar Kimmi, Johannes V\u00f5erahansu ja Lepo Mikko k\u00e4e all ning tegutsenud pikaaegse pedagoogina, sh EKA maalikateedri juhatajana.<\/p>\n<p>Teos \u201cBibi\u201d kuulub kunstniku varasesse loomeperioodi, ent ometi v\u00f5ib portrees selgelt \u00e4ra tunda\u00a0 Roosvalti tulevast k\u00e4ekirja. See on lahendatud rangelt ja stiilselt, must-pruun-hallis koloriidis, mis tundub sobivat tumedap\u00e4isele modellile. Bibi-Mai Suumann on luuletaja, kunstnik Aleksander Suumanni abikaasa ning Imat Suumanni ema.<\/p>\n","protected":false},"featured_media":2723,"template":"","meta":{"_acf_changed":false},"product_brand":[],"product_cat":[415,56,59],"product_tag":[60],"class_list":{"0":"post-3281","1":"product","2":"type-product","3":"status-publish","4":"has-post-thumbnail","6":"product_cat-maal","7":"product_cat-olimaal","8":"product_cat-e-pood","9":"product_tag-e-pood","11":"first","12":"instock","13":"sold-individually","14":"shipping-taxable","15":"purchasable","16":"product-type-simple"},"acf":[],"_links":{"self":[{"href":"https:\/\/alleegalerii.ee\/en\/wp-json\/wp\/v2\/product\/3281","targetHints":{"allow":["GET"]}}],"collection":[{"href":"https:\/\/alleegalerii.ee\/en\/wp-json\/wp\/v2\/product"}],"about":[{"href":"https:\/\/alleegalerii.ee\/en\/wp-json\/wp\/v2\/types\/product"}],"wp:featuredmedia":[{"embeddable":true,"href":"https:\/\/alleegalerii.ee\/en\/wp-json\/wp\/v2\/media\/2723"}],"wp:attachment":[{"href":"https:\/\/alleegalerii.ee\/en\/wp-json\/wp\/v2\/media?parent=3281"}],"wp:term":[{"taxonomy":"product_brand","embeddable":true,"href":"https:\/\/alleegalerii.ee\/en\/wp-json\/wp\/v2\/product_brand?post=3281"},{"taxonomy":"product_cat","embeddable":true,"href":"https:\/\/alleegalerii.ee\/en\/wp-json\/wp\/v2\/product_cat?post=3281"},{"taxonomy":"product_tag","embeddable":true,"href":"https:\/\/alleegalerii.ee\/en\/wp-json\/wp\/v2\/product_tag?post=3281"}],"curies":[{"name":"wp","href":"https:\/\/api.w.org\/{rel}","templated":true}]}}