{"id":3275,"date":"2021-07-01T21:47:45","date_gmt":"2021-07-01T18:47:45","guid":{"rendered":"https:\/\/alleegalerii.ee\/?post_type=product&#038;p=3275"},"modified":"2024-04-19T22:52:08","modified_gmt":"2024-04-19T19:52:08","slug":"alleks-kutt-jaaminek-1981","status":"publish","type":"product","link":"https:\/\/alleegalerii.ee\/en\/shop\/alleks-kutt-jaaminek-1981\/","title":{"rendered":"Alleks K\u00fctt &#8220;J\u00e4\u00e4minek&#8221;, 1981"},"content":{"rendered":"","protected":false},"excerpt":{"rendered":"<p>Akvatinta, raamitud.<\/p>\n<p>M\u00f5\u00f5dud: plm 27,5 x 31,5 cm, koos raamiga 57,5 x 59,5 cm.<\/p>\n<p>Eesti graafik Alleks (Allex) K\u00fctt (1921-1991) teenis s\u00f5ja ajal saksa s\u00f5jav\u00e4es ning seet\u00f5ttu j\u00e4id esialgsed \u00f5pingud Tallinna Riiklikus Tarbekunsti Instituudis pooleli. Tagasi tulles viis j\u00e4rjekindlus aga sihile ning 1949 aastal ta selle kooli ka l\u00f5petas. Pikki aastak\u00fcmneid oli ta hinnatud joonistamise ja graafika \u00f5ppej\u00f5ud.<\/p>\n<p>K\u00fctt katsetas v\u00e4ga erinevate tehnikatega, sh akvatinta, mis v\u00f5imaldas kevadisele j\u00e4\u00e4minemise ajale eriliselt v\u00e4rske hallikas-sinise tooni anda.<\/p>\n","protected":false},"featured_media":3276,"template":"","meta":{"_acf_changed":false},"product_brand":[],"product_cat":[61,59],"product_tag":[60],"class_list":{"0":"post-3275","1":"product","2":"type-product","3":"status-publish","4":"has-post-thumbnail","6":"product_cat-graafika","7":"product_cat-e-pood","8":"product_tag-e-pood","10":"first","11":"outofstock","12":"shipping-taxable","13":"product-type-simple"},"acf":[],"_links":{"self":[{"href":"https:\/\/alleegalerii.ee\/en\/wp-json\/wp\/v2\/product\/3275","targetHints":{"allow":["GET"]}}],"collection":[{"href":"https:\/\/alleegalerii.ee\/en\/wp-json\/wp\/v2\/product"}],"about":[{"href":"https:\/\/alleegalerii.ee\/en\/wp-json\/wp\/v2\/types\/product"}],"wp:featuredmedia":[{"embeddable":true,"href":"https:\/\/alleegalerii.ee\/en\/wp-json\/wp\/v2\/media\/3276"}],"wp:attachment":[{"href":"https:\/\/alleegalerii.ee\/en\/wp-json\/wp\/v2\/media?parent=3275"}],"wp:term":[{"taxonomy":"product_brand","embeddable":true,"href":"https:\/\/alleegalerii.ee\/en\/wp-json\/wp\/v2\/product_brand?post=3275"},{"taxonomy":"product_cat","embeddable":true,"href":"https:\/\/alleegalerii.ee\/en\/wp-json\/wp\/v2\/product_cat?post=3275"},{"taxonomy":"product_tag","embeddable":true,"href":"https:\/\/alleegalerii.ee\/en\/wp-json\/wp\/v2\/product_tag?post=3275"}],"curies":[{"name":"wp","href":"https:\/\/api.w.org\/{rel}","templated":true}]}}