{"id":3261,"date":"2021-06-26T20:44:26","date_gmt":"2021-06-26T17:44:26","guid":{"rendered":"https:\/\/alleegalerii.ee\/?post_type=product&#038;p=3261"},"modified":"2023-11-14T22:07:29","modified_gmt":"2023-11-14T20:07:29","slug":"richard-sagrits-toolse-1962","status":"publish","type":"product","link":"https:\/\/alleegalerii.ee\/en\/shop\/richard-sagrits-toolse-1962\/","title":{"rendered":"Richard Sagrits &#8220;Toolse&#8221;, 1962"},"content":{"rendered":"","protected":false},"excerpt":{"rendered":"<p>Linooll\u00f5ige, raamitud.<\/p>\n<p>M\u00f5\u00f5dud: plm 19 x 40,5 cm, koos raamiga 50 x 69 cm.<\/p>\n<p>Richard Sagrits (1910-1968) on \u00f5ppinud nii maali kui graafikat mitmete tollaste kuulsate kunstnike k\u00e4e all. 1936. aastal Pallase l\u00f5petanud kunstnikule j\u00e4i alatiseks k\u00f5ige s\u00fcdamel\u00e4hedaseimaks paigaks ikka tema kodukant, P\u00f5hja-Eesti rannik. Toolsegi asub vaid paari kilomeetri kaugusel tema s\u00fcnnikohast Karepast, kus praegu asub Sagritsa muuseum.<\/p>\n","protected":false},"featured_media":3263,"template":"","meta":{"_acf_changed":false},"product_brand":[],"product_cat":[61,59],"product_tag":[60],"class_list":{"0":"post-3261","1":"product","2":"type-product","3":"status-publish","4":"has-post-thumbnail","6":"product_cat-graafika","7":"product_cat-e-pood","8":"product_tag-e-pood","10":"first","11":"outofstock","12":"shipping-taxable","13":"product-type-simple"},"acf":[],"_links":{"self":[{"href":"https:\/\/alleegalerii.ee\/en\/wp-json\/wp\/v2\/product\/3261","targetHints":{"allow":["GET"]}}],"collection":[{"href":"https:\/\/alleegalerii.ee\/en\/wp-json\/wp\/v2\/product"}],"about":[{"href":"https:\/\/alleegalerii.ee\/en\/wp-json\/wp\/v2\/types\/product"}],"wp:featuredmedia":[{"embeddable":true,"href":"https:\/\/alleegalerii.ee\/en\/wp-json\/wp\/v2\/media\/3263"}],"wp:attachment":[{"href":"https:\/\/alleegalerii.ee\/en\/wp-json\/wp\/v2\/media?parent=3261"}],"wp:term":[{"taxonomy":"product_brand","embeddable":true,"href":"https:\/\/alleegalerii.ee\/en\/wp-json\/wp\/v2\/product_brand?post=3261"},{"taxonomy":"product_cat","embeddable":true,"href":"https:\/\/alleegalerii.ee\/en\/wp-json\/wp\/v2\/product_cat?post=3261"},{"taxonomy":"product_tag","embeddable":true,"href":"https:\/\/alleegalerii.ee\/en\/wp-json\/wp\/v2\/product_tag?post=3261"}],"curies":[{"name":"wp","href":"https:\/\/api.w.org\/{rel}","templated":true}]}}