{"id":3257,"date":"2021-06-21T01:30:04","date_gmt":"2021-06-20T22:30:04","guid":{"rendered":"https:\/\/alleegalerii.ee\/?post_type=product&#038;p=3257"},"modified":"2024-01-27T13:26:16","modified_gmt":"2024-01-27T11:26:16","slug":"avo-keerend-teisenevad-vormid-i-1988","status":"publish","type":"product","link":"https:\/\/alleegalerii.ee\/en\/shop\/avo-keerend-teisenevad-vormid-i-1988\/","title":{"rendered":"Avo Keerend &#8220;Teisenevad vormid I&#8221;, 1988"},"content":{"rendered":"","protected":false},"excerpt":{"rendered":"<p>M\u00dc\u00dcDUD<\/p>\n<p>V\u00e4rviline k\u00f5rgtr\u00fckk. Raamimata.<\/p>\n<p>M\u00f5\u00f5dud: plaadim\u00f5\u00f5t 47 x 42 cm, lehem\u00f5\u00f5t 75,5 x 56,5 cm.<\/p>\n<p>Avo Keerend (1920-2012) oli andekas eesti graafik, kes \u00fchena esimestest Eestis alustas abstraktsete geomeetriliste vormide kasutamist oma loomingus. Teda on lisaks mitmetele muudele tunnustustele autasustatud ka n\u00e4iteks Wiiralti auhinna ja Kristjan Raua preemiaga.<\/p>\n","protected":false},"featured_media":3260,"template":"","meta":{"_acf_changed":false},"product_brand":[],"product_cat":[61,57,59],"product_tag":[60],"class_list":{"0":"post-3257","1":"product","2":"type-product","3":"status-publish","4":"has-post-thumbnail","6":"product_cat-graafika","7":"product_cat-muudud","8":"product_cat-e-pood","9":"product_tag-e-pood","11":"first","12":"outofstock","13":"sold-individually","14":"shipping-taxable","15":"product-type-simple"},"acf":[],"_links":{"self":[{"href":"https:\/\/alleegalerii.ee\/en\/wp-json\/wp\/v2\/product\/3257","targetHints":{"allow":["GET"]}}],"collection":[{"href":"https:\/\/alleegalerii.ee\/en\/wp-json\/wp\/v2\/product"}],"about":[{"href":"https:\/\/alleegalerii.ee\/en\/wp-json\/wp\/v2\/types\/product"}],"wp:featuredmedia":[{"embeddable":true,"href":"https:\/\/alleegalerii.ee\/en\/wp-json\/wp\/v2\/media\/3260"}],"wp:attachment":[{"href":"https:\/\/alleegalerii.ee\/en\/wp-json\/wp\/v2\/media?parent=3257"}],"wp:term":[{"taxonomy":"product_brand","embeddable":true,"href":"https:\/\/alleegalerii.ee\/en\/wp-json\/wp\/v2\/product_brand?post=3257"},{"taxonomy":"product_cat","embeddable":true,"href":"https:\/\/alleegalerii.ee\/en\/wp-json\/wp\/v2\/product_cat?post=3257"},{"taxonomy":"product_tag","embeddable":true,"href":"https:\/\/alleegalerii.ee\/en\/wp-json\/wp\/v2\/product_tag?post=3257"}],"curies":[{"name":"wp","href":"https:\/\/api.w.org\/{rel}","templated":true}]}}