{"id":3251,"date":"2021-06-08T09:20:11","date_gmt":"2021-06-08T06:20:11","guid":{"rendered":"https:\/\/alleegalerii.ee\/?post_type=product&#038;p=3251"},"modified":"2024-02-09T21:52:46","modified_gmt":"2024-02-09T19:52:46","slug":"valdur-ohakas-meri-1990","status":"publish","type":"product","link":"https:\/\/alleegalerii.ee\/en\/shop\/valdur-ohakas-meri-1990\/","title":{"rendered":"Valdur Ohakas &#8220;Meri&#8221;, 1990."},"content":{"rendered":"","protected":false},"excerpt":{"rendered":"<p>M\u00dc\u00dcDUD.<\/p>\n<p>\u00d5li, raamitud. M\u00f5\u00f5dud: 25 x 75 cm (koos raamiga 32 x 82 cm).<\/p>\n<p>Valdur Ohaka (1925-1998) kunsti\u00f5pingud said alguse Tallinna Kujutava ja Rakenduskunsti koolis. Hiljem Tartu Riiklikusse Kunstiinstituuti astunud mehel j\u00e4i viimane l\u00f5pusirgel kahjuks siiski l\u00f5petamata 1949. aastal toimunud arreteerimise t\u00f5ttu, kus ta koos teiste kunstitudengitega 7 aastaks vangilaagrisse viidi. Sellest hoolimata olid tema Tallinna \u00f5petajad Eerik Haamer ja Johannes Greenberg ning Tartu \u00f5petajad Johannes V\u00f5erahansu ja Elmar Kits talle nii tugeva p\u00f5hja andnud, et Ohakast sai m\u00e4rkimisv\u00e4\u00e4rne kunstnik meie kultuuriloos.<\/p>\n<p>Tallinnas Meriv\u00e4ljal elanud kunstnikule oli meri l\u00f5pmatuks inspiratsiooniallikaks ning nii on ka k\u00e4esoleval teosel kujutatud merd majesteetliku ja k\u00f5ikv\u00f5imsana.<\/p>\n","protected":false},"featured_media":3255,"template":"","meta":{"_acf_changed":false},"product_brand":[],"product_cat":[415,56,59],"product_tag":[60],"class_list":{"0":"post-3251","1":"product","2":"type-product","3":"status-publish","4":"has-post-thumbnail","6":"product_cat-maal","7":"product_cat-olimaal","8":"product_cat-e-pood","9":"product_tag-e-pood","11":"first","12":"outofstock","13":"sold-individually","14":"shipping-taxable","15":"product-type-simple"},"acf":[],"_links":{"self":[{"href":"https:\/\/alleegalerii.ee\/en\/wp-json\/wp\/v2\/product\/3251","targetHints":{"allow":["GET"]}}],"collection":[{"href":"https:\/\/alleegalerii.ee\/en\/wp-json\/wp\/v2\/product"}],"about":[{"href":"https:\/\/alleegalerii.ee\/en\/wp-json\/wp\/v2\/types\/product"}],"wp:featuredmedia":[{"embeddable":true,"href":"https:\/\/alleegalerii.ee\/en\/wp-json\/wp\/v2\/media\/3255"}],"wp:attachment":[{"href":"https:\/\/alleegalerii.ee\/en\/wp-json\/wp\/v2\/media?parent=3251"}],"wp:term":[{"taxonomy":"product_brand","embeddable":true,"href":"https:\/\/alleegalerii.ee\/en\/wp-json\/wp\/v2\/product_brand?post=3251"},{"taxonomy":"product_cat","embeddable":true,"href":"https:\/\/alleegalerii.ee\/en\/wp-json\/wp\/v2\/product_cat?post=3251"},{"taxonomy":"product_tag","embeddable":true,"href":"https:\/\/alleegalerii.ee\/en\/wp-json\/wp\/v2\/product_tag?post=3251"}],"curies":[{"name":"wp","href":"https:\/\/api.w.org\/{rel}","templated":true}]}}