{"id":3246,"date":"2021-06-08T09:04:50","date_gmt":"2021-06-08T06:04:50","guid":{"rendered":"https:\/\/alleegalerii.ee\/?post_type=product&#038;p=3246"},"modified":"2023-11-14T22:07:18","modified_gmt":"2023-11-14T20:07:18","slug":"enno-allik-uks-kevadpaev-rutu-mael-1989","status":"publish","type":"product","link":"https:\/\/alleegalerii.ee\/en\/shop\/enno-allik-uks-kevadpaev-rutu-mael-1989\/","title":{"rendered":"Enno Allik &#8220;\u00dcks kevadp\u00e4ev Rutu m\u00e4el&#8221;, 1989"},"content":{"rendered":"","protected":false},"excerpt":{"rendered":"<p>\u00d5li papil. Raamitud.<\/p>\n<p>M\u00f5\u00f5dud: 40 x 50 cm (koos raamiga 48 x 58 cm).<\/p>\n<p>Viljandimaalt p\u00e4rit maalikunstnik Enno Allik (s 1936) \u00f5ppis maalikunsti kunstnik Silvia J\u00f5geveri k\u00e4e all ning armastas Eesti looduses v\u00e4lja tuua selle mitmekesisust ja ilu.<\/p>\n","protected":false},"featured_media":3247,"template":"","meta":{"_acf_changed":false},"product_brand":[],"product_cat":[415,56,59],"product_tag":[60],"class_list":{"0":"post-3246","1":"product","2":"type-product","3":"status-publish","4":"has-post-thumbnail","6":"product_cat-maal","7":"product_cat-olimaal","8":"product_cat-e-pood","9":"product_tag-e-pood","11":"first","12":"instock","13":"sold-individually","14":"shipping-taxable","15":"purchasable","16":"product-type-simple"},"acf":[],"_links":{"self":[{"href":"https:\/\/alleegalerii.ee\/en\/wp-json\/wp\/v2\/product\/3246","targetHints":{"allow":["GET"]}}],"collection":[{"href":"https:\/\/alleegalerii.ee\/en\/wp-json\/wp\/v2\/product"}],"about":[{"href":"https:\/\/alleegalerii.ee\/en\/wp-json\/wp\/v2\/types\/product"}],"wp:featuredmedia":[{"embeddable":true,"href":"https:\/\/alleegalerii.ee\/en\/wp-json\/wp\/v2\/media\/3247"}],"wp:attachment":[{"href":"https:\/\/alleegalerii.ee\/en\/wp-json\/wp\/v2\/media?parent=3246"}],"wp:term":[{"taxonomy":"product_brand","embeddable":true,"href":"https:\/\/alleegalerii.ee\/en\/wp-json\/wp\/v2\/product_brand?post=3246"},{"taxonomy":"product_cat","embeddable":true,"href":"https:\/\/alleegalerii.ee\/en\/wp-json\/wp\/v2\/product_cat?post=3246"},{"taxonomy":"product_tag","embeddable":true,"href":"https:\/\/alleegalerii.ee\/en\/wp-json\/wp\/v2\/product_tag?post=3246"}],"curies":[{"name":"wp","href":"https:\/\/api.w.org\/{rel}","templated":true}]}}