{"id":3191,"date":"2021-05-21T20:36:19","date_gmt":"2021-05-21T17:36:19","guid":{"rendered":"https:\/\/alleegalerii.ee\/?post_type=product&#038;p=3191"},"modified":"2023-11-14T22:07:29","modified_gmt":"2023-11-14T20:07:29","slug":"enno-allik-saaremaa-etuud-1994","status":"publish","type":"product","link":"https:\/\/alleegalerii.ee\/en\/shop\/enno-allik-saaremaa-etuud-1994\/","title":{"rendered":"Enno Allik &#8220;Saaremaa et\u00fc\u00fcd&#8221;, 1994."},"content":{"rendered":"","protected":false},"excerpt":{"rendered":"<p>\u00d5li papil. Raamitud.<\/p>\n<p>M\u00f5\u00f5dud: 28 x 38 cm.<\/p>\n<p>Viljandimaalt p\u00e4rit maalikunstnik Enno Allik (s 1936) \u00f5ppis maalikunsti kunstnik Silvia J\u00f5geveri k\u00e4e all ning on esinenud mitmetel n\u00e4itustel nii Eestis kui v\u00e4lismaal.<\/p>\n","protected":false},"featured_media":3192,"template":"","meta":{"_acf_changed":false},"product_brand":[],"product_cat":[415,56,59],"product_tag":[60],"class_list":{"0":"post-3191","1":"product","2":"type-product","3":"status-publish","4":"has-post-thumbnail","6":"product_cat-maal","7":"product_cat-olimaal","8":"product_cat-e-pood","9":"product_tag-e-pood","11":"first","12":"outofstock","13":"shipping-taxable","14":"product-type-simple"},"acf":[],"_links":{"self":[{"href":"https:\/\/alleegalerii.ee\/en\/wp-json\/wp\/v2\/product\/3191","targetHints":{"allow":["GET"]}}],"collection":[{"href":"https:\/\/alleegalerii.ee\/en\/wp-json\/wp\/v2\/product"}],"about":[{"href":"https:\/\/alleegalerii.ee\/en\/wp-json\/wp\/v2\/types\/product"}],"wp:featuredmedia":[{"embeddable":true,"href":"https:\/\/alleegalerii.ee\/en\/wp-json\/wp\/v2\/media\/3192"}],"wp:attachment":[{"href":"https:\/\/alleegalerii.ee\/en\/wp-json\/wp\/v2\/media?parent=3191"}],"wp:term":[{"taxonomy":"product_brand","embeddable":true,"href":"https:\/\/alleegalerii.ee\/en\/wp-json\/wp\/v2\/product_brand?post=3191"},{"taxonomy":"product_cat","embeddable":true,"href":"https:\/\/alleegalerii.ee\/en\/wp-json\/wp\/v2\/product_cat?post=3191"},{"taxonomy":"product_tag","embeddable":true,"href":"https:\/\/alleegalerii.ee\/en\/wp-json\/wp\/v2\/product_tag?post=3191"}],"curies":[{"name":"wp","href":"https:\/\/api.w.org\/{rel}","templated":true}]}}