{"id":30724,"date":"2025-03-30T17:11:29","date_gmt":"2025-03-30T14:11:29","guid":{"rendered":"https:\/\/alleegalerii.ee\/?post_type=product&#038;p=30724"},"modified":"2025-03-30T17:11:29","modified_gmt":"2025-03-30T14:11:29","slug":"richard-soot-linda-ehtimas","status":"publish","type":"product","link":"https:\/\/alleegalerii.ee\/en\/shop\/richard-soot-linda-ehtimas\/","title":{"rendered":"Richard S\u00f6\u00f6t &#8220;Linda ehtimas&#8221;"},"content":{"rendered":"","protected":false},"excerpt":{"rendered":"<p>\u00d5li vineeril. Raamitud.<\/p>\n<p>M\u00f5\u00f5dud: 34 x 27,5 cm, raamiga 53 x 43 cm.<\/p>\n<p>All vasakul: R. S\u00f6\u00f6t<br \/>\nP\u00f6\u00f6rdel: Richard S\u00f6\u00f6t Art studio kleeps &#8220;Linda ehtimas&#8221;<\/p>\n<p>Peale II maailmas\u00f5da New Yorgis elanud ja t\u00f6\u00f6tanud Richard S\u00f6\u00f6di (1903-2002) loomingus on rahvusromantilisel eesti m\u00fctoloogial oluline koht.<\/p>\n","protected":false},"featured_media":30725,"template":"","meta":{"_acf_changed":false},"product_brand":[],"product_cat":[415,56,59],"product_tag":[60],"class_list":{"0":"post-30724","1":"product","2":"type-product","3":"status-publish","4":"has-post-thumbnail","6":"product_cat-maal","7":"product_cat-olimaal","8":"product_cat-e-pood","9":"product_tag-e-pood","11":"first","12":"instock","13":"sold-individually","14":"shipping-taxable","15":"purchasable","16":"product-type-simple"},"acf":[],"_links":{"self":[{"href":"https:\/\/alleegalerii.ee\/en\/wp-json\/wp\/v2\/product\/30724","targetHints":{"allow":["GET"]}}],"collection":[{"href":"https:\/\/alleegalerii.ee\/en\/wp-json\/wp\/v2\/product"}],"about":[{"href":"https:\/\/alleegalerii.ee\/en\/wp-json\/wp\/v2\/types\/product"}],"wp:featuredmedia":[{"embeddable":true,"href":"https:\/\/alleegalerii.ee\/en\/wp-json\/wp\/v2\/media\/30725"}],"wp:attachment":[{"href":"https:\/\/alleegalerii.ee\/en\/wp-json\/wp\/v2\/media?parent=30724"}],"wp:term":[{"taxonomy":"product_brand","embeddable":true,"href":"https:\/\/alleegalerii.ee\/en\/wp-json\/wp\/v2\/product_brand?post=30724"},{"taxonomy":"product_cat","embeddable":true,"href":"https:\/\/alleegalerii.ee\/en\/wp-json\/wp\/v2\/product_cat?post=30724"},{"taxonomy":"product_tag","embeddable":true,"href":"https:\/\/alleegalerii.ee\/en\/wp-json\/wp\/v2\/product_tag?post=30724"}],"curies":[{"name":"wp","href":"https:\/\/api.w.org\/{rel}","templated":true}]}}