{"id":30697,"date":"2025-03-13T12:54:49","date_gmt":"2025-03-13T10:54:49","guid":{"rendered":"https:\/\/alleegalerii.ee\/?post_type=product&#038;p=30697"},"modified":"2026-04-07T10:14:48","modified_gmt":"2026-04-07T07:14:48","slug":"olga-terri-lilled1985","status":"publish","type":"product","link":"https:\/\/alleegalerii.ee\/en\/shop\/olga-terri-lilled1985\/","title":{"rendered":"Olga Terri &#8220;Iirised&#8221;, 1985"},"content":{"rendered":"","protected":false},"excerpt":{"rendered":"<p>Akvarell paberil. Raamitud.<\/p>\n<p>M\u00f5\u00f5dud: ava 48,5 x 40,5 cm, raamiga 68 x 60 cm.<\/p>\n<p>All paremal: OTerri<br \/>\nP\u00f6\u00f6rdel: OTerri 1985.<\/p>\n<p>Olga Terri (1916-2011) suhe loodusega oli soe ja v\u00e4ga isiklik. Tema 1970ndate m\u00f5juv\u00f5imsad portreed Eestimaa puudest avasid omamoodi tee kunstniku enda hinge, n\u00e4itasid teda kui empaatilist ja tundlikku loojat. Sama v\u00e4rskelt ja hingestatult maalis ta lilli, eriti k\u00f5netasid need teda 1980ndatel.<\/p>\n<p>K\u00e4esolev portree iiristest annab edasi nende \u00fcheaegset \u00f5rnust ning tugevust. Need Eestimaa aedadele nii iseloomulikud lilled v\u00f5ivad \u00fchel kohal kasvada aastak\u00fcmneid ning on seet\u00f5ttu kangastunud meist paljude lapsep\u00f5lvem\u00e4lestustesse nagu\u00a0 l\u00f5hnavad pojengid ja suvised metsmaasikadki.<\/p>\n","protected":false},"featured_media":30698,"template":"","meta":{"_acf_changed":false},"product_brand":[],"product_cat":[415,54,57,59],"product_tag":[60],"class_list":{"0":"post-30697","1":"product","2":"type-product","3":"status-publish","4":"has-post-thumbnail","6":"product_cat-maal","7":"product_cat-akvarell","8":"product_cat-muudud","9":"product_cat-e-pood","10":"product_tag-e-pood","12":"first","13":"outofstock","14":"sold-individually","15":"shipping-taxable","16":"purchasable","17":"product-type-simple"},"acf":[],"_links":{"self":[{"href":"https:\/\/alleegalerii.ee\/en\/wp-json\/wp\/v2\/product\/30697","targetHints":{"allow":["GET"]}}],"collection":[{"href":"https:\/\/alleegalerii.ee\/en\/wp-json\/wp\/v2\/product"}],"about":[{"href":"https:\/\/alleegalerii.ee\/en\/wp-json\/wp\/v2\/types\/product"}],"wp:featuredmedia":[{"embeddable":true,"href":"https:\/\/alleegalerii.ee\/en\/wp-json\/wp\/v2\/media\/30698"}],"wp:attachment":[{"href":"https:\/\/alleegalerii.ee\/en\/wp-json\/wp\/v2\/media?parent=30697"}],"wp:term":[{"taxonomy":"product_brand","embeddable":true,"href":"https:\/\/alleegalerii.ee\/en\/wp-json\/wp\/v2\/product_brand?post=30697"},{"taxonomy":"product_cat","embeddable":true,"href":"https:\/\/alleegalerii.ee\/en\/wp-json\/wp\/v2\/product_cat?post=30697"},{"taxonomy":"product_tag","embeddable":true,"href":"https:\/\/alleegalerii.ee\/en\/wp-json\/wp\/v2\/product_tag?post=30697"}],"curies":[{"name":"wp","href":"https:\/\/api.w.org\/{rel}","templated":true}]}}