{"id":30692,"date":"2025-03-12T16:41:58","date_gmt":"2025-03-12T14:41:58","guid":{"rendered":"https:\/\/alleegalerii.ee\/?post_type=product&#038;p=30692"},"modified":"2025-05-10T13:16:46","modified_gmt":"2025-05-10T10:16:46","slug":"nikolai-kormasov-tuuline-paev-1999","status":"publish","type":"product","link":"https:\/\/alleegalerii.ee\/en\/shop\/nikolai-kormasov-tuuline-paev-1999\/","title":{"rendered":"Nikolai Korma\u0161ov \u201cTuuline p\u00e4ev\u201d, 1999"},"content":{"rendered":"","protected":false},"excerpt":{"rendered":"<p>\u00d5li masoniidil. Raamitud.<\/p>\n<p>M\u00f5\u00f5dud: 28 x 38,5 cm.<\/p>\n<p>All paremal: Signatuur<br \/>\nP\u00f6\u00f6rdel: KORMA\u0160OV N.\u00a0 &#8220;B\u0435\u0442\u0440\u0435\u043d\u044b\u0439 \u0434\u0435\u043d\u044c&#8221;\u0434.\u0432.\u043f. M. 28&#215;38,5 1999.<\/p>\n<p>Nikolai Korma\u0161ov (1929-2012) oli eesti maalikunsti \u00fcks peenema v\u00e4rvivaistuga koloriste, kes kasutas oma loomingus \u00fcheaegselt nii tugevaid kontrasttoone kui pehmeid v\u00e4rvilahendusi. Ta oli v\u00e4simatu ikoonikunsti propageerija ning m\u00e4ngis olulist rolli ikoonide maalimise ja restaureerimise \u00f5petamise alustamisel Eesti Kunstiakadeemia kolled\u017eis.<\/p>\n","protected":false},"featured_media":30695,"template":"","meta":{"_acf_changed":false},"product_brand":[],"product_cat":[415,56,57,59],"product_tag":[60],"class_list":{"0":"post-30692","1":"product","2":"type-product","3":"status-publish","4":"has-post-thumbnail","6":"product_cat-maal","7":"product_cat-olimaal","8":"product_cat-muudud","9":"product_cat-e-pood","10":"product_tag-e-pood","12":"first","13":"outofstock","14":"sold-individually","15":"shipping-taxable","16":"purchasable","17":"product-type-simple"},"acf":[],"_links":{"self":[{"href":"https:\/\/alleegalerii.ee\/en\/wp-json\/wp\/v2\/product\/30692","targetHints":{"allow":["GET"]}}],"collection":[{"href":"https:\/\/alleegalerii.ee\/en\/wp-json\/wp\/v2\/product"}],"about":[{"href":"https:\/\/alleegalerii.ee\/en\/wp-json\/wp\/v2\/types\/product"}],"wp:featuredmedia":[{"embeddable":true,"href":"https:\/\/alleegalerii.ee\/en\/wp-json\/wp\/v2\/media\/30695"}],"wp:attachment":[{"href":"https:\/\/alleegalerii.ee\/en\/wp-json\/wp\/v2\/media?parent=30692"}],"wp:term":[{"taxonomy":"product_brand","embeddable":true,"href":"https:\/\/alleegalerii.ee\/en\/wp-json\/wp\/v2\/product_brand?post=30692"},{"taxonomy":"product_cat","embeddable":true,"href":"https:\/\/alleegalerii.ee\/en\/wp-json\/wp\/v2\/product_cat?post=30692"},{"taxonomy":"product_tag","embeddable":true,"href":"https:\/\/alleegalerii.ee\/en\/wp-json\/wp\/v2\/product_tag?post=30692"}],"curies":[{"name":"wp","href":"https:\/\/api.w.org\/{rel}","templated":true}]}}