{"id":30675,"date":"2025-03-08T14:31:52","date_gmt":"2025-03-08T12:31:52","guid":{"rendered":"https:\/\/alleegalerii.ee\/?post_type=product&#038;p=30675"},"modified":"2026-02-02T19:40:06","modified_gmt":"2026-02-02T17:40:06","slug":"arno-vihalemm-suvine-vaikelu-saialilledega","status":"publish","type":"product","link":"https:\/\/alleegalerii.ee\/en\/shop\/arno-vihalemm-suvine-vaikelu-saialilledega\/","title":{"rendered":"Arno Vihalemm &#8220;Suvine vaikelu saialilledega&#8221;, 1941"},"content":{"rendered":"","protected":false},"excerpt":{"rendered":"<p>\u00d5li kartongil. Raamitud.<\/p>\n<p>M\u00f5\u00f5dud: 31 x 23,5 cm.<\/p>\n<p>All paremal: A. Vihalemm<\/p>\n<p>Pallaslane Arno Vihalemm (1911-1990) tegutses nii maalija, graafiku kui luuletajana. Muuhulgas olid just tema luuletused \u00fched esimestest, mida pagulaseestlaste sulest vaikselt siin uuesti avaldama hakati.<\/p>\n<p>1941. aasta teos on valminud veel Eestis olles ning kantud Pallase v\u00e4rvi\u00f5petusest. Kuldkollased saialilled t\u00f5usevad s\u00fcgavsinise vaasi taustal eredalt esile ning buketti asetatud lillhernedki kannavad sama eesm\u00e4rki. See on pintsliga edasi antud emotsioon suvest, selle l\u00f5hnadest ning ilust.<\/p>\n","protected":false},"featured_media":30678,"template":"","meta":{"_acf_changed":false},"product_brand":[],"product_cat":[415,56,57,59],"product_tag":[60],"class_list":{"0":"post-30675","1":"product","2":"type-product","3":"status-publish","4":"has-post-thumbnail","6":"product_cat-maal","7":"product_cat-olimaal","8":"product_cat-muudud","9":"product_cat-e-pood","10":"product_tag-e-pood","12":"first","13":"outofstock","14":"shipping-taxable","15":"purchasable","16":"product-type-simple"},"acf":[],"_links":{"self":[{"href":"https:\/\/alleegalerii.ee\/en\/wp-json\/wp\/v2\/product\/30675","targetHints":{"allow":["GET"]}}],"collection":[{"href":"https:\/\/alleegalerii.ee\/en\/wp-json\/wp\/v2\/product"}],"about":[{"href":"https:\/\/alleegalerii.ee\/en\/wp-json\/wp\/v2\/types\/product"}],"wp:featuredmedia":[{"embeddable":true,"href":"https:\/\/alleegalerii.ee\/en\/wp-json\/wp\/v2\/media\/30678"}],"wp:attachment":[{"href":"https:\/\/alleegalerii.ee\/en\/wp-json\/wp\/v2\/media?parent=30675"}],"wp:term":[{"taxonomy":"product_brand","embeddable":true,"href":"https:\/\/alleegalerii.ee\/en\/wp-json\/wp\/v2\/product_brand?post=30675"},{"taxonomy":"product_cat","embeddable":true,"href":"https:\/\/alleegalerii.ee\/en\/wp-json\/wp\/v2\/product_cat?post=30675"},{"taxonomy":"product_tag","embeddable":true,"href":"https:\/\/alleegalerii.ee\/en\/wp-json\/wp\/v2\/product_tag?post=30675"}],"curies":[{"name":"wp","href":"https:\/\/api.w.org\/{rel}","templated":true}]}}