{"id":30669,"date":"2025-03-07T17:14:16","date_gmt":"2025-03-07T15:14:16","guid":{"rendered":"https:\/\/alleegalerii.ee\/?post_type=product&#038;p=30669"},"modified":"2025-05-21T15:59:15","modified_gmt":"2025-05-21T12:59:15","slug":"marju-bormeister-paabulind-2005","status":"publish","type":"product","link":"https:\/\/alleegalerii.ee\/en\/shop\/marju-bormeister-paabulind-2005\/","title":{"rendered":"Marju Bormeister &#8220;Paabulind&#8221;, 2005"},"content":{"rendered":"","protected":false},"excerpt":{"rendered":"<p>\u00d5li l\u00f5uendil.<\/p>\n<p>M\u00f5\u00f5dud: 140 x 150 cm.<\/p>\n<p>All vasakul: M Bormeister 2005<\/p>\n<p>Marju Bormeister (s. 1945) sai juba geenidega kaasa kunstiande. 1985. aastal ERKI maalikunstniku ja pedagoogina l\u00f5petanud Bormeister armastab oma loomingus kasutada motiive loodusest, lisaks maastike kujutamisele ka k\u00f5nekaid s\u00fcmboleid, n\u00e4iteks kala v\u00f5i kukk, pidulikemal puhkudel ilmub aga l\u00f5uendile majesteetlik paabulind.<\/p>\n<p>&nbsp;<\/p>\n","protected":false},"featured_media":30670,"template":"","meta":{"_acf_changed":false},"product_brand":[],"product_cat":[415,56,57,59],"product_tag":[60],"class_list":{"0":"post-30669","1":"product","2":"type-product","3":"status-publish","4":"has-post-thumbnail","6":"product_cat-maal","7":"product_cat-olimaal","8":"product_cat-muudud","9":"product_cat-e-pood","10":"product_tag-e-pood","12":"first","13":"outofstock","14":"sold-individually","15":"shipping-taxable","16":"purchasable","17":"product-type-simple"},"acf":[],"_links":{"self":[{"href":"https:\/\/alleegalerii.ee\/en\/wp-json\/wp\/v2\/product\/30669","targetHints":{"allow":["GET"]}}],"collection":[{"href":"https:\/\/alleegalerii.ee\/en\/wp-json\/wp\/v2\/product"}],"about":[{"href":"https:\/\/alleegalerii.ee\/en\/wp-json\/wp\/v2\/types\/product"}],"wp:featuredmedia":[{"embeddable":true,"href":"https:\/\/alleegalerii.ee\/en\/wp-json\/wp\/v2\/media\/30670"}],"wp:attachment":[{"href":"https:\/\/alleegalerii.ee\/en\/wp-json\/wp\/v2\/media?parent=30669"}],"wp:term":[{"taxonomy":"product_brand","embeddable":true,"href":"https:\/\/alleegalerii.ee\/en\/wp-json\/wp\/v2\/product_brand?post=30669"},{"taxonomy":"product_cat","embeddable":true,"href":"https:\/\/alleegalerii.ee\/en\/wp-json\/wp\/v2\/product_cat?post=30669"},{"taxonomy":"product_tag","embeddable":true,"href":"https:\/\/alleegalerii.ee\/en\/wp-json\/wp\/v2\/product_tag?post=30669"}],"curies":[{"name":"wp","href":"https:\/\/api.w.org\/{rel}","templated":true}]}}