{"id":30579,"date":"2025-03-04T14:59:00","date_gmt":"2025-03-04T12:59:00","guid":{"rendered":"https:\/\/alleegalerii.ee\/?post_type=product&#038;p=30579"},"modified":"2025-03-17T09:33:51","modified_gmt":"2025-03-17T07:33:51","slug":"mall-nukke-enne-tormi-2024","status":"publish","type":"product","link":"https:\/\/alleegalerii.ee\/en\/shop\/mall-nukke-enne-tormi-2024\/","title":{"rendered":"Mall Nukke \u201cEnne Tormi\u201d, 2024"},"content":{"rendered":"","protected":false},"excerpt":{"rendered":"<p><span style=\"font-weight: 400;\">\u00d5li l\u00f5uendil. Raamitud.<\/span><\/p>\n<p><span style=\"font-weight: 400;\">M\u00f5\u00f5dud: 40 x 27 cm, raamiga 51,5 x 38 cm.<\/span><\/p>\n<p>Mall Nukke (s 1964) l\u00f5petas Eesti Kunstiakadeemia 1992. aastal ning sellest alates osalenud arvukatel n\u00e4itustel nii Eestis kui v\u00e4lismaal. Lisaks kunstnikuna tegutsemisele on Nukke ka p\u00fchendunud \u00f5ppej\u00f5ud ning kuraator.<\/p>\n<p>Nukke isikun\u00e4itusel &#8220;Illusioonide aeg&#8221; (Allee galeriis m\u00e4rtsis 2025, kuraator Harry Liivrand) eksponeeritud teos m\u00f5jub eelk\u00f5ige oma v\u00f5imsa v\u00e4rvi- ja valgusm\u00e4nguga, mis kannab endas \u00e4sja saabunud \u00f6\u00f6rahu viimast kinnihoidmist just loojunud p\u00e4ikesevalgusest.<\/p>\n","protected":false},"featured_media":30660,"template":"","meta":{"_acf_changed":false},"product_brand":[],"product_cat":[415,56,57,59],"product_tag":[60],"class_list":{"0":"post-30579","1":"product","2":"type-product","3":"status-publish","4":"has-post-thumbnail","6":"product_cat-maal","7":"product_cat-olimaal","8":"product_cat-muudud","9":"product_cat-e-pood","10":"product_tag-e-pood","12":"first","13":"outofstock","14":"sold-individually","15":"shipping-taxable","16":"product-type-simple"},"acf":[],"_links":{"self":[{"href":"https:\/\/alleegalerii.ee\/en\/wp-json\/wp\/v2\/product\/30579","targetHints":{"allow":["GET"]}}],"collection":[{"href":"https:\/\/alleegalerii.ee\/en\/wp-json\/wp\/v2\/product"}],"about":[{"href":"https:\/\/alleegalerii.ee\/en\/wp-json\/wp\/v2\/types\/product"}],"wp:featuredmedia":[{"embeddable":true,"href":"https:\/\/alleegalerii.ee\/en\/wp-json\/wp\/v2\/media\/30660"}],"wp:attachment":[{"href":"https:\/\/alleegalerii.ee\/en\/wp-json\/wp\/v2\/media?parent=30579"}],"wp:term":[{"taxonomy":"product_brand","embeddable":true,"href":"https:\/\/alleegalerii.ee\/en\/wp-json\/wp\/v2\/product_brand?post=30579"},{"taxonomy":"product_cat","embeddable":true,"href":"https:\/\/alleegalerii.ee\/en\/wp-json\/wp\/v2\/product_cat?post=30579"},{"taxonomy":"product_tag","embeddable":true,"href":"https:\/\/alleegalerii.ee\/en\/wp-json\/wp\/v2\/product_tag?post=30579"}],"curies":[{"name":"wp","href":"https:\/\/api.w.org\/{rel}","templated":true}]}}