{"id":30574,"date":"2025-03-04T14:52:01","date_gmt":"2025-03-04T12:52:01","guid":{"rendered":"https:\/\/alleegalerii.ee\/?post_type=product&#038;p=30574"},"modified":"2025-03-17T09:23:21","modified_gmt":"2025-03-17T07:23:21","slug":"mall-nukke-jaljed-2025","status":"publish","type":"product","link":"https:\/\/alleegalerii.ee\/en\/shop\/mall-nukke-jaljed-2025\/","title":{"rendered":"Mall Nukke \u201cJ\u00e4ljed\u201d, 2025"},"content":{"rendered":"","protected":false},"excerpt":{"rendered":"<p><span style=\"font-weight: 400;\">\u00d5li l\u00f5uendil. Raamitud.<\/span><\/p>\n<p><span style=\"font-weight: 400;\">M\u00f5\u00f5dud: 27 x 35 cm, raamiga 42,5 x 50,5 cm.<\/span><\/p>\n<p>Tunnustatud kunstnik, \u00f5ppej\u00f5ud ja kuraator Mall Nukke on \u00f6elnud: \u201eMa ei tee kompromisse v\u00e4rvide tasakaalu, v\u00e4ljam\u00f5\u00f5detud kompositsiooni ja esteetilise terviklikkuse osas\u201c. Nii m\u00f5jub ka fragment s\u00fcdasuvisest v\u00e4rskest taevast \u00fchtse tervikuna, mis kannab end nii kompositsioonilt kui v\u00e4rvide koosk\u00f5lalt. Valge, sinine ja \u00f5rn suitsuhall viivad vaataja otse unistuslikult id\u00fcllilisse suvep\u00e4eva.<\/p>\n","protected":false},"featured_media":30644,"template":"","meta":{"_acf_changed":false},"product_brand":[],"product_cat":[415,56,59],"product_tag":[60],"class_list":{"0":"post-30574","1":"product","2":"type-product","3":"status-publish","4":"has-post-thumbnail","6":"product_cat-maal","7":"product_cat-olimaal","8":"product_cat-e-pood","9":"product_tag-e-pood","11":"first","12":"outofstock","13":"sold-individually","14":"shipping-taxable","15":"product-type-simple"},"acf":[],"_links":{"self":[{"href":"https:\/\/alleegalerii.ee\/en\/wp-json\/wp\/v2\/product\/30574","targetHints":{"allow":["GET"]}}],"collection":[{"href":"https:\/\/alleegalerii.ee\/en\/wp-json\/wp\/v2\/product"}],"about":[{"href":"https:\/\/alleegalerii.ee\/en\/wp-json\/wp\/v2\/types\/product"}],"wp:featuredmedia":[{"embeddable":true,"href":"https:\/\/alleegalerii.ee\/en\/wp-json\/wp\/v2\/media\/30644"}],"wp:attachment":[{"href":"https:\/\/alleegalerii.ee\/en\/wp-json\/wp\/v2\/media?parent=30574"}],"wp:term":[{"taxonomy":"product_brand","embeddable":true,"href":"https:\/\/alleegalerii.ee\/en\/wp-json\/wp\/v2\/product_brand?post=30574"},{"taxonomy":"product_cat","embeddable":true,"href":"https:\/\/alleegalerii.ee\/en\/wp-json\/wp\/v2\/product_cat?post=30574"},{"taxonomy":"product_tag","embeddable":true,"href":"https:\/\/alleegalerii.ee\/en\/wp-json\/wp\/v2\/product_tag?post=30574"}],"curies":[{"name":"wp","href":"https:\/\/api.w.org\/{rel}","templated":true}]}}